{"id":93449,"date":"2023-07-31T23:36:43","date_gmt":"2023-07-31T20:36:43","guid":{"rendered":"https:\/\/aland.se\/companies-and-associations\/"},"modified":"2023-08-20T22:18:29","modified_gmt":"2023-08-20T19:18:29","slug":"companies-and-associations","status":"publish","type":"page","link":"https:\/\/aland.se\/en\/companies-and-associations\/","title":{"rendered":"Companies, Associations and Organizations on \u00c5land"},"content":{"rendered":"<p><!--V\u00e4lkommen till v\u00e5r f\u00f6retagssida om \u00c5land, din ultimata k\u00e4lla f\u00f6r att uppt\u00e4cka och f\u00f6rst\u00e5 det dynamiska f\u00f6retagslandskapet p\u00e5 dessa idylliska \u00f6ar. \u00c5land, med sin unika geografi och historia, har en blomstrande aff\u00e4rssektor som sp\u00e4nner \u00f6ver allt fr\u00e5n traditionellt jordbruk och fiske till modern teknologi och turism. Oavsett om du \u00e4r en lokal entrepren\u00f6r som letar efter samarbetsm\u00f6jligheter eller en internationell investerare som vill utforska nya horisonter, hoppas vi att vi kan ge dig en insiktsfull \u00f6versikt \u00f6ver f\u00f6retag, tj\u00e4nster och m\u00f6jligheter som finns tillg\u00e4ngliga p\u00e5 \u00c5land. L\u00e5t oss guida dig genom \u00c5lands aff\u00e4rsv\u00e4rld.--><br \/>\n<div class=\"job_listings\" data-location=\"\" data-keywords=\"\" data-show_filters=\"true\" data-show_pagination=\"false\" data-per_page=\"20\" data-orderby=\"featured\" data-order=\"DESC\" data-categories=\"\" data-disable-form-state-storage=\"\" data-featured_first=\"false\" data-post_id=\"93776\" ><div class=\"myflex\">\n<div class=\"myflex__left\">\n\t\n\t<div class=\"job_filters\">\n\n\n\t\t<div class=\"search_jobs\">\n\n\t\t\t\t\t\t\n\t\t\t<div class=\"facetwp-facet facetwp-facet-sokord facetwp-type-search\" data-name=\"sokord\" data-type=\"search\"><\/div>\t\t\t\t<div class=\"hidden_facets\">\n\t\t\t\t\t<div class=\"facetwp-facet facetwp-facet-kategorilista facetwp-type-dropdown\" data-name=\"kategorilista\" data-type=\"dropdown\"><\/div><div class=\"facetwp-facet facetwp-facet-var facetwp-type-dropdown\" data-name=\"var\" data-type=\"dropdown\"><\/div><div class=\"facetwp-facet facetwp-facet-geoMe facetwp-type-proximity\" data-name=\"geoMe\" data-type=\"proximity\"><\/div>\t\t\t\t<\/div>\n\t\t\t\n\t\t\t<div class=\"filter_wide filter_by_tag\">Filter by tag: <span class=\"filter_by_tag_cloud\"><\/span><\/div>\n\t\t<\/div> <!-- .search-jobs -->\n\n\t\t\t\t\t<button class=\"toggle-hidden-facets  js-toggle-hidden-facets\">\n\t\t\t\t<span class=\"text--inactive\">More filters<\/span>\n\t\t\t\t<span class=\"text--active\">Less filters<\/span>\n\t\t\t<\/button>\n\t\t\n\t\t<div class=\"mobile-buttons\">\n\t\t\t<button class=\"btn btn--filter\">Filter\t\t\t\t<span>Listings<\/span><\/button>\n\t\t\t<button class=\"btn btn--view btn--view-map\"><span>Map View<\/span>\n\t\t\t<\/button>\n\t\t\t<button class=\"btn btn--view btn--view-cards\">\n\t\t\t\t<span>Cards View <\/span><\/button>\n\t\t<\/div>\n\n\n\n\t<\/div><!-- .job-filters -->\n\n\t\n<div class=\"facetwp-template\" data-name=\"listings\"><div class=\"grid list job_listings\"><div class=\"grid__item\">\n\t<article class=\"card  card--listing\" itemscope itemtype=\"http:\/\/schema.org\/LocalBusiness\"\n\t         data-latitude=\"60.2191337\"\n\t         data-longitude=\"20.1900773\"\n\t         data-img=\"https:\/\/i0.wp.com\/aland.se\/wp-content\/uploads\/2017\/01\/IMG_0301.jpg?fit=1067%2C800&amp;ssl=1\"\n\t         data-permalink=\"https:\/\/aland.se\/en\/platser\/bomarsund-museum\/\"\n\t         data-categories=\"Museum\"\n\t\t data-icon=\"\" >\n\t\t<a href=\"https:\/\/aland.se\/en\/platser\/bomarsund-museum\/\">\n\t\t\t<aside class=\"card__image\"\n\t\t\t       style=\"background-image: url(\/\/i0.wp.com\/aland.se\/wp-content\/uploads\/2017\/01\/IMG_0301.jpg?fit=1067%2C800&#038;ssl=1);\">\n\t\t\t\t\n\t\t\t\t\t\t<div class=\"heart \">\n\t\t\t<svg width=\"30px\" height=\"30px\" viewBox=\"0 0 30 30\" version=\"1.1\" xmlns=\"http:\/\/www.w3.org\/2000\/svg\" xmlns:xlink=\"http:\/\/www.w3.org\/1999\/xlink\">\n    <g id=\"heartshape\" transform=\"translate(2.000000, 3.000000)\" fill=\"none\">\n        <path d=\"M23.5384282,13.3611318 C26.8170364,10.0518857 26.7470962,5.22853673 23.7661888,2.23628126 C20.7852813,-0.756761451 15.9651293,-0.743640976 12.9998219,2.2651463 C10.0347745,-0.743640976 5.21462242,-0.756761451 2.23371498,2.23628126 C-0.747192472,5.22853673 -0.816872646,10.0518857 2.46147555,13.3611318 C6.12072469,17.0540207 11.9751593,22.9653194 12.9998219,24 C14.0252644,22.9653194 19.8789191,17.0540207 23.5384282,13.3611318 L23.5384282,13.3611318 Z\" sketch:type=\"MSShapeGroup\"><\/path>\n    <\/g>\n<\/svg>\n\t\t<\/div>\n\t\n\t\t\t\t\n\t\t\t<\/aside><!-- .card__image -->\n\t\t\t<div class=\"card__content\">\n\t\t\t\t<h2 class=\"card__title\" itemprop=\"name\">Bomarsund Museum<\/h2>\n\t\t\t\t<div class=\"card__tagline\" itemprop=\"description\"><\/div>\n\t\t\t\t<footer class=\"card__footer\">\n\t\t\t\t\t\t\t\t\t\t\t<div class=\"card__rating  card__pin\">\n\t\t\t\t\t\t\t<svg width=\"14px\" height=\"20px\" viewBox=\"0 0 14 20\" version=\"1.1\" xmlns=\"http:\/\/www.w3.org\/2000\/svg\" xmlns:xlink=\"http:\/\/www.w3.org\/1999\/xlink\" xmlns:sketch=\"http:\/\/www.bohemiancoding.com\/sketch\/ns\">\n    <g id=\"Page-1\" stroke=\"none\" stroke-width=\"1\" fill=\"none\" fill-rule=\"evenodd\" sketch:type=\"MSPage\">\n        <path d=\"M7,0 C3.13383665,0 0,3.0828692 0,6.88540084 C0,10.68827 6.33390528,20 7,20 C7.66609472,20 14,10.68827 14,6.88540084 C14,3.0828692 10.8661633,0 7,0 L7,0 Z M7,9.87341772 C5.2947838,9.87341772 3.91146191,8.51274262 3.91146191,6.83544304 C3.91146191,5.15814346 5.2947838,3.79746835 7,3.79746835 C8.7052162,3.79746835 10.0885381,5.15814346 10.0885381,6.83544304 C10.0885381,8.51274262 8.7052162,9.87341772 7,9.87341772 L7,9.87341772 Z\" id=\"Imported-Layers-Copy-5\" fill=\"currentColor\" sketch:type=\"MSShapeGroup\"><\/path>\n    <\/g>\n<\/svg>\n\t\t\t\t\t\t<\/div>\n\t\t\t\t\t\t\t\t\t\t\t<ul class=\"card__tags\">\n\t\t\t\t\t\t\t\t\t\t\t\t\t<\/ul><!-- .card__tags -->\n\t\t\t\t\t\t\t\t\t\t\t<div class=\"address  card__address\" itemprop=\"address\" itemscope\n\t\t\t\t\t\t     itemtype=\"http:\/\/schema.org\/PostalAddress\">\n\t\t\t\t\t\t\t<div itemprop=\"streetAddress\">\n\t\t\t\t\t<span class=\"address__street\">2<\/span> \n\t\t\t\t\t<span class=\"address__street-no\"><\/span>\n\t\t\t\t<\/div>\n\t\t\t<span class=\"address__city\" itemprop=\"addressLocality\">Sund<\/span>\n\t\t\t<span class=\"address__postcode\" itemprop=\"postalCode\">22530<\/span>\n\t\t\t<span class=\"address__state-short\" itemprop=\"addressRegion\"><\/span>\n\t\t\t<span class=\"address__country-short\" itemprop=\"addressCountry\">AX<\/span>\t\t\t\t\t\t<\/div>\n\t\t\t\t\t\t\t\t\t<\/footer>\n\t\t\t<\/div><!-- .card__content -->\n\t\t<\/a>\n\t<\/article><!-- .card.card--listing -->\n<\/div><!-- .grid__item -->\n\n<\/div><\/div><div class=\"facetwp-pager\"><\/div>\n<a class=\"load_more_jobs\" href=\"#\" style=\"display:none;\"><strong>Load more listings<\/strong><\/a>\t<\/div><!-- .myflex__left -->\n<div id=\"map\" class=\"map myflex__right\"><\/div>\n<\/div><!-- .myflex -->\n<\/div>\n","protected":false},"excerpt":{"rendered":"<p>Are you looking for companies, organizations and associations on \u00c5land? Here you can find them easily and conveniently with a presentation and map.<\/p>\n","protected":false},"author":1,"featured_media":0,"parent":0,"menu_order":0,"comment_status":"closed","ping_status":"closed","template":"","meta":{"_acf_changed":false,"_et_pb_use_builder":"","_et_pb_old_content":"","_et_gb_content_width":"","footnotes":""},"class_list":["post-93449","page","type-page","status-publish","hentry"],"acf":[],"jetpack_shortlink":"https:\/\/wp.me\/P8HDAV-ojf","jetpack_sharing_enabled":true,"_links":{"self":[{"href":"https:\/\/aland.se\/en\/wp-json\/wp\/v2\/pages\/93449","targetHints":{"allow":["GET"]}}],"collection":[{"href":"https:\/\/aland.se\/en\/wp-json\/wp\/v2\/pages"}],"about":[{"href":"https:\/\/aland.se\/en\/wp-json\/wp\/v2\/types\/page"}],"author":[{"embeddable":true,"href":"https:\/\/aland.se\/en\/wp-json\/wp\/v2\/users\/1"}],"replies":[{"embeddable":true,"href":"https:\/\/aland.se\/en\/wp-json\/wp\/v2\/comments?post=93449"}],"version-history":[{"count":3,"href":"https:\/\/aland.se\/en\/wp-json\/wp\/v2\/pages\/93449\/revisions"}],"predecessor-version":[{"id":94454,"href":"https:\/\/aland.se\/en\/wp-json\/wp\/v2\/pages\/93449\/revisions\/94454"}],"wp:attachment":[{"href":"https:\/\/aland.se\/en\/wp-json\/wp\/v2\/media?parent=93449"}],"curies":[{"name":"wp","href":"https:\/\/api.w.org\/{rel}","templated":true}]}}