{"id":93512,"date":"2023-08-05T21:54:05","date_gmt":"2023-08-05T18:54:05","guid":{"rendered":"https:\/\/aland.se\/business-idea-and-philosophy\/"},"modified":"2023-08-09T22:30:03","modified_gmt":"2023-08-09T19:30:03","slug":"business-idea-and-philosophy","status":"publish","type":"page","link":"https:\/\/aland.se\/en\/about-us\/business-idea-and-philosophy\/","title":{"rendered":"Business Idea and Philosophy"},"content":{"rendered":"<p>[et_pb_section fb_built=&#8221;1&#8243; _builder_version=&#8221;4.21.2&#8243; _module_preset=&#8221;default&#8221; custom_margin=&#8221;0px||||false|false&#8221; custom_css_main_element=&#8221;padding-top:0px !Important;&#8221; global_colors_info=&#8221;{}&#8221;][et_pb_row column_structure=&#8221;1_2,1_4,1_4&#8243; _builder_version=&#8221;4.21.2&#8243; _module_preset=&#8221;default&#8221; custom_margin=&#8221;0px||||false|false&#8221; global_colors_info=&#8221;{}&#8221;][et_pb_column type=&#8221;1_2&#8243; _builder_version=&#8221;4.21.2&#8243; _module_preset=&#8221;default&#8221; global_colors_info=&#8221;{}&#8221;][et_pb_text _builder_version=&#8221;4.21.2&#8243; _module_preset=&#8221;default&#8221; global_colors_info=&#8221;{}&#8221;]<\/p>\n<p><strong>\u00c5land Online is passionate about being an outstanding platform that offers a fresh and objective perspective for both large and small companies, associations and organizations that want to strengthen their brand in the local community and abroad. Our approach is centered around fostering a deep connection with the local business life, cultural life and community organizations while respecting the historical context of the islands. We are convinced that, by building friendly, supportive relationships and functions, we are one of the success factors in promoting development on \u00c5land.<\/strong><\/p>\n<p>[\/et_pb_text][et_pb_text _builder_version=&#8221;4.21.2&#8243; _module_preset=&#8221;default&#8221; global_colors_info=&#8221;{}&#8221;]<\/p>\n<p>\u00c5land Online is a comprehensive platform that aims to showcase and promote local businesses&#8217; unique offers on \u00c5land. Our business concept is centered around creating an engaging and informative online presence for the \u00c5land community, where both locals and visitors can discover the hidden gems, cultural events and historical landmarks of this beautiful archipelago.<\/p>\n<h4>Key Functions<\/h4>\n<p>One of our key features is creating detailed business profiles that highlight the offerings, unique selling points and customer testimonials of each local business. We also collaborate with local entrepreneurs to conduct interviews, which gives our visitors an insight into the business environment and culture on \u00c5land.<\/p>\n<p>In addition, we provide insider tips and guides for different categories, such as the unbeatable restaurants, outdoor activities or historical sites on \u00c5land, which are presented by our team and in collaboration with local people and or local businesses.<\/p>\n<p>We also cover local events, festivals and cultural activities, giving our visitors an authentic insight into \u00c5land&#8217;s vibrant community life. We encourage user-generated content, which adds a personal touch to our platform, and we also partner with local influencers, photographers or bloggers to create exclusive content or host events, workshops or webinars.<\/p>\n<h4>Community<\/h4>\n<p>To promote a sense of community pride, we highlight local nonprofits, charities or community initiatives through our content. In addition, we offer unique goods that celebrate \u00c5land&#8217;s culture, landmarks or history through our online store: <a href=\"https:\/\/www.alandsbutiken.com\" target=\"_blank\" rel=\"noopener\">alandsbutiken.com<\/a>.<\/p>\n<p>Finally, we use social media for real-time updates and engagement, keeping our audience informed of new businesses, events or merchandise. We use Instagram, Facebook and other channels to share real-time updates or behind-the-scenes content that gives our visitors a sense of immediacy and connection.<\/p>\n<h4>Mission<\/h4>\n<p>Our mission is to build a strong online presence for local businesses and create a sense of community and pride in \u00c5land together with our visitors.<\/p>\n<p>[\/et_pb_text][\/et_pb_column][et_pb_column type=&#8221;1_4&#8243; _builder_version=&#8221;4.21.2&#8243; _module_preset=&#8221;default&#8221; global_colors_info=&#8221;{}&#8221;][\/et_pb_column][et_pb_column type=&#8221;1_4&#8243; _builder_version=&#8221;4.21.2&#8243; _module_preset=&#8221;default&#8221; global_colors_info=&#8221;{}&#8221;][\/et_pb_column][\/et_pb_row][\/et_pb_section]<\/p>\n","protected":false},"excerpt":{"rendered":"<p>\u00c5land Online is passionate about being an outstanding platform that offers a fresh and objective perspective for both large and small companies, associations and organizations that want to&#8230;<\/p>\n","protected":false},"author":1,"featured_media":93280,"parent":93635,"menu_order":0,"comment_status":"closed","ping_status":"closed","template":"","meta":{"_acf_changed":false,"_et_pb_use_builder":"on","_et_pb_old_content":"","_et_gb_content_width":"","footnotes":""},"class_list":["post-93512","page","type-page","status-publish","has-post-thumbnail","hentry"],"acf":[],"jetpack_shortlink":"https:\/\/wp.me\/P8HDAV-okg","jetpack_sharing_enabled":true,"_links":{"self":[{"href":"https:\/\/aland.se\/en\/wp-json\/wp\/v2\/pages\/93512","targetHints":{"allow":["GET"]}}],"collection":[{"href":"https:\/\/aland.se\/en\/wp-json\/wp\/v2\/pages"}],"about":[{"href":"https:\/\/aland.se\/en\/wp-json\/wp\/v2\/types\/page"}],"author":[{"embeddable":true,"href":"https:\/\/aland.se\/en\/wp-json\/wp\/v2\/users\/1"}],"replies":[{"embeddable":true,"href":"https:\/\/aland.se\/en\/wp-json\/wp\/v2\/comments?post=93512"}],"version-history":[{"count":7,"href":"https:\/\/aland.se\/en\/wp-json\/wp\/v2\/pages\/93512\/revisions"}],"predecessor-version":[{"id":93662,"href":"https:\/\/aland.se\/en\/wp-json\/wp\/v2\/pages\/93512\/revisions\/93662"}],"up":[{"embeddable":true,"href":"https:\/\/aland.se\/en\/wp-json\/wp\/v2\/pages\/93635"}],"wp:featuredmedia":[{"embeddable":true,"href":"https:\/\/aland.se\/en\/wp-json\/wp\/v2\/media\/93280"}],"wp:attachment":[{"href":"https:\/\/aland.se\/en\/wp-json\/wp\/v2\/media?parent=93512"}],"curies":[{"name":"wp","href":"https:\/\/api.w.org\/{rel}","templated":true}]}}