{"id":93768,"date":"2023-08-11T16:27:47","date_gmt":"2023-08-11T13:27:47","guid":{"rendered":"https:\/\/aland.se\/bomarsund-fortress\/"},"modified":"2023-08-22T16:15:21","modified_gmt":"2023-08-22T13:15:21","slug":"bomarsund-fortress","status":"publish","type":"page","link":"https:\/\/aland.se\/en\/bomarsund-fortress\/","title":{"rendered":"Bomarsund Fortress"},"content":{"rendered":"<p>[et_pb_section fb_built=&#8221;1&#8243; fullwidth=&#8221;on&#8221; _builder_version=&#8221;4.22.0&#8243; _module_preset=&#8221;default&#8221; background_image=&#8221;https:\/\/aland.se\/wp-content\/uploads\/2017\/03\/20151229_125057.jpg&#8221; background_enable_video_mp4=&#8221;off&#8221; height=&#8221;30vh&#8221; max_height=&#8221;30vh&#8221; custom_padding=&#8221;||0px|||&#8221; custom_css_main_element=&#8221;.et_pb_section_video_bg {||display: flex !important;||flex-direction: column;||justify-content: center;||}&#8221; global_colors_info=&#8221;{}&#8221;][et_pb_fullwidth_post_title meta=&#8221;off&#8221; featured_image=&#8221;off&#8221; text_color=&#8221;light&#8221; _builder_version=&#8221;4.21.2&#8243; _module_preset=&#8221;default&#8221; title_font_size=&#8221;64px&#8221; background_enable_video_mp4=&#8221;off&#8221; text_orientation=&#8221;center&#8221; height=&#8221;30vh&#8221; max_height=&#8221;30vh&#8221; custom_margin=&#8221;||1px|||&#8221; custom_padding=&#8221;151px|||||&#8221; title_text_shadow_style=&#8221;preset3&#8243; text_shadow_style=&#8221;preset3&#8243; global_colors_info=&#8221;{}&#8221;][\/et_pb_fullwidth_post_title][\/et_pb_section][et_pb_section fb_built=&#8221;1&#8243; _builder_version=&#8221;4.21.2&#8243; _module_preset=&#8221;default&#8221; background_enable_video_mp4=&#8221;off&#8221; global_colors_info=&#8221;{}&#8221;][et_pb_row column_structure=&#8221;3_5,2_5&#8243; _builder_version=&#8221;4.21.2&#8243; _module_preset=&#8221;default&#8221; background_enable_video_mp4=&#8221;off&#8221; global_colors_info=&#8221;{}&#8221;][et_pb_column type=&#8221;3_5&#8243; _builder_version=&#8221;4.21.2&#8243; _module_preset=&#8221;default&#8221; global_colors_info=&#8221;{}&#8221;][et_pb_text _builder_version=&#8221;4.22.0&#8243; _module_preset=&#8221;default&#8221; global_colors_info=&#8221;{}&#8221;]<\/p>\n<p><strong>Bomarsund Fortress on \u00c5land, is not only an impressive architectural structure but also an important chapter in Nordic and European history. Its location, history and the role it played during the Crimean War mark it as one of the most significant historical sites in the region.<\/strong><\/p>\n<p>[\/et_pb_text][et_pb_text _builder_version=&#8221;4.22.0&#8243; _module_preset=&#8221;default&#8221; global_colors_info=&#8221;{}&#8221;]<\/p>\n<p><strong>Geographical and geopolitical background<\/strong><\/p>\n<p>\u00c5land, an archipelago between Sweden and Finland, has always had a strategic position in the Baltic Sea. This archipelago has served as a crossroads for both trade and war, making it a coveted location for regional powers. \u00c5land became part of the Russian Empire in 1809 when Sweden lost Finland to Russia after the Finnish War.<\/p>\n<p><strong>Bomarsund&#8217;s birth and construction<\/strong><\/p>\n<p>After the annexation of \u00c5land, Russia felt the need to strengthen its defense in the region. The plans for Bomarsund&#8217;s fortress were drawn up and work began in 1832. Inspired by the classic star fortress design, Bomarsund was intended to become a powerful symbol of the strength of the Russian Empire.<\/p>\n<p>Under the direction of engineers and architects, who were imported from central parts of Russia, local labor and specialized builders were employed to construct this masterpiece of military architecture. The fortress spanned a large area, with thick walls and strategic artillery positions.<\/p>\n<p>Despite the impressive exterior, the interior of the fortress was even more impressive. It was designed to house a garrison of over 2,000 men with supplies, housing, a chapel, and other necessary facilities to be a self-sufficient unit. Bomarsund was intended to be an important part of a larger defensive line, a barrier to protect St. Petersburg from potential threats from the West.<\/p>\n<p><strong>The shadow play of the great powers and the Crimean War<\/strong><\/p>\n<p>cAs Russia strengthened its defenses, other European powers observed with growing concern. Britain and France, who at the time were in an alliance, saw the construction of the fortress as a sign of Russian expansionism.<\/p>\n<p>The Crimean War of the 1850s was not just a conflict over the Crimean Peninsula. It was also a power struggle between Russia and a combination of great powers, namely Great Britain, France and the Ottoman Empire. \u00c5land and Bomarsund&#8217;s fortress became a central place in this shadow play of geopolitics.<\/p>\n<p><img data-recalc-dims=\"1\" decoding=\"async\" class=\"wp-image-93784 size-medium alignright\" style=\"margin-top: 0px;\" src=\"https:\/\/i0.wp.com\/aland.se\/wp-content\/uploads\/2023\/08\/Bombardment_of_Bomarsund.jpg?resize=300%2C207&#038;ssl=1\" alt=\"\" width=\"300\" height=\"207\" srcset=\"https:\/\/i0.wp.com\/aland.se\/wp-content\/uploads\/2023\/08\/Bombardment_of_Bomarsund.jpg?resize=300%2C207&amp;ssl=1 300w, https:\/\/i0.wp.com\/aland.se\/wp-content\/uploads\/2023\/08\/Bombardment_of_Bomarsund.jpg?resize=150%2C103&amp;ssl=1 150w, https:\/\/i0.wp.com\/aland.se\/wp-content\/uploads\/2023\/08\/Bombardment_of_Bomarsund.jpg?resize=768%2C529&amp;ssl=1 768w, https:\/\/i0.wp.com\/aland.se\/wp-content\/uploads\/2023\/08\/Bombardment_of_Bomarsund.jpg?resize=450%2C310&amp;ssl=1 450w, https:\/\/i0.wp.com\/aland.se\/wp-content\/uploads\/2023\/08\/Bombardment_of_Bomarsund.jpg?resize=400%2C276&amp;ssl=1 400w, https:\/\/i0.wp.com\/aland.se\/wp-content\/uploads\/2023\/08\/Bombardment_of_Bomarsund.jpg?w=855&amp;ssl=1 855w\" sizes=\"(max-width: 300px) 100vw, 300px\" \/>In 1854, a combined British-French fleet attacked Bomarsund. With modern cannons and well-trained troops, the Allied forces challenged the fortress&#8217;s defenses. Despite the impressive construction and the valiant defense of its crew, the fortress could not withstand the combined firepower and tactics of the Allied forces. After two weeks of intense siege, the fortress capitulated.<\/p>\n<p>This event was not only a military victory for the Allies but also a great propaganda success. News of the fortress&#8217; fall spread quickly and had a demoralizing effect on the Russian Empire.<\/p>\n<p><strong>After the Crimean War: An Island of Peace<\/strong><\/p>\n<p>After the war, the leaders of the major European powers gathered in Paris to renegotiate the borders and determine the terms of peace. During this congress it was decided that \u00c5land would be demilitarized, meaning that no military activity would be allowed on the islands.<\/p>\n<p>This provision was intended to prevent further conflicts in the region and ensure the peace of the Baltic Sea. The ruins of Bomarsund became a symbol of this desire for peace and cooperation in Europe.<\/p>\n<p><strong><img data-recalc-dims=\"1\" decoding=\"async\" class=\"wp-image-15575 size-medium alignright\" src=\"https:\/\/i0.wp.com\/aland.se\/wp-content\/uploads\/2017\/01\/IMG_0301.jpg?resize=300%2C225&#038;ssl=1\" alt=\"\u00a9 Bj\u00f6rn Pettersson\" width=\"300\" height=\"225\" srcset=\"https:\/\/i0.wp.com\/aland.se\/wp-content\/uploads\/2017\/01\/IMG_0301.jpg?resize=300%2C225&amp;ssl=1 300w, https:\/\/i0.wp.com\/aland.se\/wp-content\/uploads\/2017\/01\/IMG_0301.jpg?resize=768%2C576&amp;ssl=1 768w, https:\/\/i0.wp.com\/aland.se\/wp-content\/uploads\/2017\/01\/IMG_0301.jpg?resize=1024%2C768&amp;ssl=1 1024w, https:\/\/i0.wp.com\/aland.se\/wp-content\/uploads\/2017\/01\/IMG_0301.jpg?resize=450%2C338&amp;ssl=1 450w, https:\/\/i0.wp.com\/aland.se\/wp-content\/uploads\/2017\/01\/IMG_0301.jpg?resize=1067%2C800&amp;ssl=1 1067w, https:\/\/i0.wp.com\/aland.se\/wp-content\/uploads\/2017\/01\/IMG_0301.jpg?w=1450&amp;ssl=1 1450w\" sizes=\"(max-width: 300px) 100vw, 300px\" \/>Bomarsund today: A memorial and tourist attraction<\/strong><\/p>\n<p>In modern times, Bomarsund&#8217;s fortress has gone from being a symbol of war and conflict to becoming a place for reflection, learning and tourism. The ruins attract thousands of visitors each year, all eager to learn more about the region&#8217;s rich history.<\/p>\n<p>Museums and information boards have been set up at the site to give visitors a deeper understanding of the history of the fortress, its construction and the role it played in European geopolitics during the 19th century.<\/p>\n<p><strong><img data-recalc-dims=\"1\" decoding=\"async\" class=\"wp-image-11276 alignleft size-medium\" src=\"https:\/\/i0.wp.com\/aland.se\/wp-content\/uploads\/2016\/10\/A95_059.jpg?resize=300%2C225&#038;ssl=1\" alt=\"Bomarsund\" width=\"300\" height=\"225\" srcset=\"https:\/\/i0.wp.com\/aland.se\/wp-content\/uploads\/2016\/10\/A95_059.jpg?w=1450&amp;ssl=1 1450w, https:\/\/i0.wp.com\/aland.se\/wp-content\/uploads\/2016\/10\/A95_059.jpg?resize=300%2C225&amp;ssl=1 300w, https:\/\/i0.wp.com\/aland.se\/wp-content\/uploads\/2016\/10\/A95_059.jpg?resize=768%2C576&amp;ssl=1 768w, https:\/\/i0.wp.com\/aland.se\/wp-content\/uploads\/2016\/10\/A95_059.jpg?resize=1024%2C768&amp;ssl=1 1024w, https:\/\/i0.wp.com\/aland.se\/wp-content\/uploads\/2016\/10\/A95_059.jpg?resize=450%2C338&amp;ssl=1 450w, https:\/\/i0.wp.com\/aland.se\/wp-content\/uploads\/2016\/10\/A95_059.jpg?resize=1067%2C800&amp;ssl=1 1067w\" sizes=\"(max-width: 300px) 100vw, 300px\" \/>Conclusion<\/strong><\/p>\n<p>Bomarsund Fortress on \u00c5land is a reminder of the changing dynamics of European history. From its origins as a symbol of Russian power, to its fall during the Crimean War, to its current status as a historical memorial, Bomarsund has been a central player in the history of the Baltic Sea and Europe.<\/p>\n<p>While this overview provides a comprehensive insight into Bomarsund&#8217;s importance, there are still many aspects of its history waiting to be explored. Future research and conservation efforts are sure to shed more light on this fascinating site and its place in world history.<\/p>\n<p>[\/et_pb_text][\/et_pb_column][et_pb_column type=&#8221;2_5&#8243; _builder_version=&#8221;4.21.2&#8243; _module_preset=&#8221;default&#8221; global_colors_info=&#8221;{}&#8221;][et_pb_cta title=&#8221;M\u00f6t en rysk soldat&#8221; button_url=&#8221;@ET-DC@eyJkeW5hbWljIjp0cnVlLCJjb250ZW50IjoicG9zdF9saW5rX3VybF9wYWdlIiwic2V0dGluZ3MiOnsicG9zdF9pZCI6IjkzNzk2In19@&#8221; button_text=&#8221;L\u00e4s om mig. Boris&#8221; admin_label=&#8221;Uppmaning till handling&#8221; _builder_version=&#8221;4.22.0&#8243; _dynamic_attributes=&#8221;button_url&#8221; _module_preset=&#8221;default&#8221; background_image=&#8221;https:\/\/aland.se\/wp-content\/uploads\/2023\/08\/429px-Finnish_Guard_1850s.jpg&#8221; background_position=&#8221;center_left&#8221; background_horizontal_offset=&#8221;0%&#8221; custom_button=&#8221;on&#8221; button_text_color=&#8221;#000000&#8243; button_bg_color=&#8221;rgba(0,0,0,0.05)&#8221; border_radii=&#8221;off||10px||10px&#8221; text_shadow_style=&#8221;preset3&#8243; text_shadow_horizontal_length=&#8221;0.06em&#8221; text_shadow_vertical_length=&#8221;0.05em&#8221; global_colors_info=&#8221;{}&#8221;][\/et_pb_cta][et_pb_cta title=&#8221;Bomarsund&#8221; button_url=&#8221;https:\/\/www.museum.ax\/vara-museer-och-sevardheter\/bomarsund&#8221; url_new_window=&#8221;on&#8221; button_text=&#8221;Bes\u00f6k&#8221; admin_label=&#8221;Uppmaning till handling&#8221; _builder_version=&#8221;4.22.0&#8243; _module_preset=&#8221;default&#8221; background_image=&#8221;https:\/\/aland.se\/wp-content\/uploads\/2023\/08\/bomarsund_bombardment.jpeg&#8221; custom_button=&#8221;on&#8221; button_text_color=&#8221;#000000&#8243; background_layout=&#8221;light&#8221; border_radii=&#8221;off||10px||10px&#8221; text_shadow_style=&#8221;preset3&#8243; global_colors_info=&#8221;{}&#8221;][\/et_pb_cta][et_pb_text _builder_version=&#8221;4.22.0&#8243; _module_preset=&#8221;default&#8221; background_enable_mask_style=&#8221;on&#8221; background_mask_style=&#8221;corner-paint&#8221; custom_margin=&#8221;0px||||false|false&#8221; custom_padding=&#8221;10px||5px|10px|false|false&#8221; border_radii=&#8221;off||10px||10px&#8221; border_width_all=&#8221;1px&#8221; border_color_all=&#8221;#cccccc&#8221; global_colors_info=&#8221;{}&#8221;]<\/p>\n<dl>\n<dd>\n<h3><span id=\"S\u00e5ngen_\" det_=\"\" class=\"mw-headline\">The song &#8220;The \u00c5land War&#8221;<\/span><\/h3>\n<\/dd>\n<dd>Yes, that war was lovely on the shores of \u00c5land,<\/dd>\n<dd>Hurray hurray Hurray!<\/dd>\n<dd>When with three hundred ships to our fatherland,<\/dd>\n<dd>Came the English fleet with murder and with fire.<\/dd>\n<dd>Sing faralalala, sing faralalala,<\/dd>\n<dd>Hurray hurray Hurray!<\/dd>\n<\/dl>\n<dl>\n<dd>Of course it was beautiful to look at from above,<\/dd>\n<dd>Hurray hurray Hurray!<\/dd>\n<dd>When three hundred ships clawed the billow the blue,<\/dd>\n<dd>When three hundred ships clawed the billow the blue,<\/dd>\n<dd>Sing faralalala, sing faralalala,<\/dd>\n<dd>Hurray hurray Hurray!<\/dd>\n<\/dl>\n<dl>\n<dd>For the enemy had that meaning,<\/dd>\n<dd>Hurray hurray Hurray!<\/dd>\n<dd>To raze the whole fortress,<\/dd>\n<dd>And capture the crew.<\/dd>\n<dd>Sing faralalala, sing faralalala,<\/dd>\n<dd>Hurray hurray Hurray!<\/dd>\n<\/dl>\n<dl>\n<dd>But ours they gave them a welcome salute,<\/dd>\n<dd>Hurray hurray Hurray!<\/dd>\n<dd>So the sky was shrouded in clouds of gunpowder,<\/dd>\n<dd>And the earth was shaking every single minute.<\/dd>\n<dd>Sing faralalala, sing faralalala,<\/dd>\n<dd>Hurray hurray Hurray!<\/dd>\n<\/dl>\n<p>[\/et_pb_text][et_pb_signup mailchimp_list=&#8221;\u00c5landsbutiken &#8211; Prenumeranter &#038; Kunder|636039edbc&#8221; last_name_field=&#8221;off&#8221; title=&#8221;Subscribe to our newsletter&#8221; use_spam_service=&#8221;on&#8221; recaptcha_list=&#8221;\u00c5land Online wwwalandse|\u00c5land Online wwwalandse-0&#8243; _builder_version=&#8221;4.22.0&#8243; _module_preset=&#8221;default&#8221; border_radii=&#8221;off||10px||10px&#8221; global_colors_info=&#8221;{}&#8221;][\/et_pb_signup][et_pb_code _builder_version=&#8221;4.22.1&#8243; _module_preset=&#8221;default&#8221; custom_margin=&#8221;|5px||5px|false|false&#8221; custom_padding=&#8221;10px|15px||15px|false|false&#8221; border_radii=&#8221;off||25px||25px&#8221; border_width_all=&#8221;1px&#8221; border_color_all=&#8221;gcid-a94d7059-88df-4ff6-9567-b66dfa379983&#8243; global_colors_info=&#8221;{%22gcid-a94d7059-88df-4ff6-9567-b66dfa379983%22:%91%22border_color_all%22%93}&#8221; locked=&#8221;off&#8221;]<\/p>\n<style><!-- [et_pb_line_break_holder] -->#field_improve_text, #field_improve_email {<!-- [et_pb_line_break_holder] -->    border:1px solid #ccc !important;<!-- [et_pb_line_break_holder] -->    border-top-right-radius: 5px !important;<!-- [et_pb_line_break_holder] -->    border-bottom-left-radius: 5px !important;<!-- [et_pb_line_break_holder] -->}<!-- [et_pb_line_break_holder] --><\/style>\n<p><!-- [et_pb_line_break_holder] --><link rel='stylesheet' id='formidable-css' href='https:\/\/aland.se\/wp-content\/plugins\/formidable\/css\/formidableforms.css' type='text\/css' media='all' \/>\n<div class=\"frm_forms  with_frm_style frm_center_submit frm_style_formidables-stilmall\" id=\"frm_form_12_container\" data-token=\"e0c0db14c1252e4f0aa5caa225a5b64a\">\n<form enctype=\"multipart\/form-data\" method=\"post\" class=\"frm-show-form  frm_ajax_submit  frm_pro_form \" id=\"form_form_improve\" data-token=\"e0c0db14c1252e4f0aa5caa225a5b64a\">\n<div class=\"frm_form_fields \">\n<fieldset>\n<legend class=\"frm_hidden\">Hj\u00e4lp oss!<\/legend>\r\n<h3 class=\"frm_form_title\">Hj\u00e4lp oss!<\/h3>\r\n<div class=\"frm_description\"><p>Vi str\u00e4var hela tiden efter f\u00f6rb\u00e4ttra oss! Har du f\u00f6rslag p\u00e5 hur vi kan f\u00f6rb\u00e4ttra texten?<\/p>\n<\/div><div class=\"frm_fields_container\">\n<input type=\"hidden\" name=\"frm_action\" value=\"create\" \/>\n<input type=\"hidden\" name=\"form_id\" value=\"12\" \/>\n<input type=\"hidden\" name=\"frm_hide_fields_12\" id=\"frm_hide_fields_12\" value=\"\" \/>\n<input type=\"hidden\" name=\"form_key\" value=\"form_improve\" \/>\n<input type=\"hidden\" name=\"item_meta[0]\" value=\"\" \/>\n<input type=\"hidden\" id=\"frm_submit_entry_12\" name=\"frm_submit_entry_12\" value=\"2eda4bff0a\" \/><input type=\"hidden\" name=\"_wp_http_referer\" value=\"\/en\/wp-json\/wp\/v2\/pages\/93768\" \/><input type=\"hidden\" name=\"item_meta[119]\" id=\"field_improve_id\" value=\"93768\"  data-frmval=\"93768\"   \/>\n<input type=\"hidden\" name=\"item_meta[124]\" id=\"field_improve_type\" value=\"Bomarsund Fortress\"  data-frmval=\"Bomarsund Fortress\"   \/>\n<div id=\"frm_field_120_container\" class=\"frm_form_field form-field  frm_required_field frm_top_container\">\r\n    <label for=\"field_improve_text\" class=\"frm_primary_label\">Mitt f\u00f6rslag:\r\n        <span class=\"frm_required\">*<\/span>\r\n    <\/label>\r\n    <textarea data-auto-grow=\"1\"  name=\"item_meta[120]\" id=\"field_improve_text\" rows=\"4\"  placeholder=\"Skriv h\u00e4r...\" data-reqmsg=\"Du gl\u00f6mde skriva dina synpunkter!\" aria-required=\"true\" data-invmsg=\"Du har gl\u00f6mt ange dina synpunkter\" aria-invalid=\"false\"  ><\/textarea>\r\n    \r\n    \r\n<\/div>\n<div id=\"frm_field_121_container\" class=\"frm_form_field form-field  frm_top_container\">\r\n    <label for=\"field_improve_email\" class=\"frm_primary_label\">F\u00e5r vi kontakta dig?\r\n        <span class=\"frm_required\"><\/span>\r\n    <\/label>\r\n    <input type=\"email\" id=\"field_improve_email\" name=\"item_meta[121]\" value=\"\"  placeholder=\"Din e-postadress\" data-invmsg=\"Hur kan vi n\u00e5 dig... om vi har n\u00e5gra fr\u00e5gor? \u00e4r ogiltigt\" aria-invalid=\"false\"   aria-describedby=\"frm_desc_field_improve_email\"\/>\r\n    <div id=\"frm_desc_field_improve_email\" class=\"frm_description\">L\u00e4mna tomt om du inte vill bli kontaktad.<\/div>\r\n    \r\n<\/div>\n<input type=\"hidden\" name=\"item_meta[122]\" id=\"field_3szfm2\" value=\"\" data-frmval=\"\"\/>\n<div id=\"frm_field_125_container\" class=\"frm_form_field form-field  frm_none_container\">\r\n    <label for=\"g-recaptcha-response\" id=\"field_improve_captha_label\" class=\"frm_primary_label\">\u00c4r du m\u00e4nniska?\r\n        <span class=\"frm_required\" aria-hidden=\"true\"><\/span>\r\n    <\/label>\r\n    <div  id=\"field_improve_captha\" class=\"g-recaptcha\" data-sitekey=\"6LcRtisUAAAAAG-I-36lX23qA-9pJ6jb3QKYocBI\" data-size=\"invisible\" data-theme=\"light\" data-callback=\"frmAfterRecaptcha\"><\/div>\r\n    \r\n    \r\n<\/div>\n\t<input type=\"hidden\" name=\"item_key\" value=\"\" \/>\n\t\t\t<div id=\"frm_field_128_container\">\n\t\t\t<label for=\"field_h0fq5\" >\n\t\t\t\tIf you are human, leave this field blank.\t\t\t<\/label>\n\t\t\t<input  id=\"field_h0fq5\" type=\"text\" class=\"frm_form_field form-field frm_verify\" name=\"item_meta[128]\" value=\"\"  \/>\n\t\t<\/div>\n\t\t<input name=\"frm_state\" type=\"hidden\" value=\"zFC7y4Xcd2jWM5Uf3AxS0sq8meOtEvrc8L8DCDCULP8el2F2OlY\/tDVtN6ivjdAv\" \/><div class=\"frm_submit\">\r\n\r\n<button class=\"frm_button_submit frm_final_submit\" type=\"submit\"   formnovalidate=\"formnovalidate\">Skicka<\/button>\r\n\r\n<\/div><\/div>\n<\/fieldset>\n<\/div>\n\n<\/form>\n<\/div>\n[\/et_pb_code][\/et_pb_column][\/et_pb_row][\/et_pb_section]<\/p>\n","protected":false},"excerpt":{"rendered":"<p>Bomarsund Fortress on \u00c5land, was an impressive and imposing architectural building<\/p>\n","protected":false},"author":1,"featured_media":0,"parent":0,"menu_order":0,"comment_status":"closed","ping_status":"closed","template":"divi-page.php","meta":{"_acf_changed":false,"_et_pb_use_builder":"on","_et_pb_old_content":"","_et_gb_content_width":"","footnotes":""},"class_list":["post-93768","page","type-page","status-publish","hentry"],"acf":[],"jetpack_shortlink":"https:\/\/wp.me\/P8HDAV-ooo","jetpack_sharing_enabled":true,"_links":{"self":[{"href":"https:\/\/aland.se\/en\/wp-json\/wp\/v2\/pages\/93768","targetHints":{"allow":["GET"]}}],"collection":[{"href":"https:\/\/aland.se\/en\/wp-json\/wp\/v2\/pages"}],"about":[{"href":"https:\/\/aland.se\/en\/wp-json\/wp\/v2\/types\/page"}],"author":[{"embeddable":true,"href":"https:\/\/aland.se\/en\/wp-json\/wp\/v2\/users\/1"}],"replies":[{"embeddable":true,"href":"https:\/\/aland.se\/en\/wp-json\/wp\/v2\/comments?post=93768"}],"version-history":[{"count":17,"href":"https:\/\/aland.se\/en\/wp-json\/wp\/v2\/pages\/93768\/revisions"}],"predecessor-version":[{"id":94488,"href":"https:\/\/aland.se\/en\/wp-json\/wp\/v2\/pages\/93768\/revisions\/94488"}],"wp:attachment":[{"href":"https:\/\/aland.se\/en\/wp-json\/wp\/v2\/media?parent=93768"}],"curies":[{"name":"wp","href":"https:\/\/api.w.org\/{rel}","templated":true}]}}