{"id":94238,"date":"2023-08-16T14:08:58","date_gmt":"2023-08-16T11:08:58","guid":{"rendered":"https:\/\/aland.se\/the-municipalities-on-aland\/eckero\/"},"modified":"2023-08-24T19:31:29","modified_gmt":"2023-08-24T16:31:29","slug":"eckero","status":"publish","type":"page","link":"https:\/\/aland.se\/en\/aland\/eckero\/","title":{"rendered":"Ecker\u00f6"},"content":{"rendered":"<p>[et_pb_section fb_built=&#8221;1&#8243; fullwidth=&#8221;on&#8221; _builder_version=&#8221;4.22.0&#8243; _module_preset=&#8221;default&#8221; background_enable_image=&#8221;off&#8221; background_enable_video_mp4=&#8221;off&#8221; height=&#8221;30vh&#8221; max_height=&#8221;30vh&#8221; custom_padding=&#8221;||0px|||&#8221; custom_css_main_element=&#8221;.et_pb_section_video_bg {||display: flex !important;||flex-direction: column;||justify-content: center;||}&#8221; global_colors_info=&#8221;{}&#8221;][et_pb_fullwidth_post_title meta=&#8221;off&#8221; featured_image=&#8221;off&#8221; text_color=&#8221;light&#8221; _builder_version=&#8221;4.22.0&#8243; _module_preset=&#8221;default&#8221; title_font_size=&#8221;64px&#8221; background_image=&#8221;https:\/\/aland.se\/wp-content\/uploads\/2017\/03\/IMG_1782.jpg&#8221; background_enable_video_mp4=&#8221;off&#8221; text_orientation=&#8221;center&#8221; height=&#8221;30vh&#8221; max_height=&#8221;30vh&#8221; custom_margin=&#8221;||1px|||&#8221; custom_padding=&#8221;151px|||||&#8221; title_font_size_tablet=&#8221;64px&#8221; title_font_size_phone=&#8221;50px&#8221; title_font_size_last_edited=&#8221;on|phone&#8221; title_text_shadow_style=&#8221;preset3&#8243; text_shadow_style=&#8221;preset3&#8243; text_shadow_horizontal_length=&#8221;0.1em&#8221; text_shadow_vertical_length=&#8221;0.1em&#8221; global_colors_info=&#8221;{}&#8221;][\/et_pb_fullwidth_post_title][\/et_pb_section][et_pb_section fb_built=&#8221;1&#8243; _builder_version=&#8221;4.21.2&#8243; _module_preset=&#8221;default&#8221; background_enable_video_mp4=&#8221;off&#8221; custom_padding=&#8221;3px|||||&#8221; global_colors_info=&#8221;{}&#8221;][et_pb_row column_structure=&#8221;1_2,1_4,1_4&#8243; _builder_version=&#8221;4.21.2&#8243; _module_preset=&#8221;default&#8221; background_enable_video_mp4=&#8221;off&#8221; global_colors_info=&#8221;{}&#8221;][et_pb_column type=&#8221;1_2&#8243; _builder_version=&#8221;4.21.2&#8243; _module_preset=&#8221;default&#8221; global_colors_info=&#8221;{}&#8221;][et_pb_text _builder_version=&#8221;4.22.0&#8243; _module_preset=&#8221;default&#8221; link_text_color=&#8221;#ff4d58&#8243; global_colors_info=&#8221;{}&#8221;]<\/p>\n<p><strong>Located in the western part of the fascinating \u00c5land archipelago, one finds the municipality of Ecker\u00f6, a scenic and historically rich place that residents and visitors have loved for centuries. Ecker\u00f6 lies between Sweden and Finland and is the westernmost municipality on \u00c5land.<\/strong><\/p>\n<h4>Geography and Demography<\/h4>\n<p>Covering an area of almost 291 square miles, despite its modest territory, Ecker\u00f6 is home to a variety of natural wonders and important landmarks. With a population of approximately 935 people, the largest village, Storby, lies at the heart of the municipality and serves as the main center of local activity.<\/p>\n<h4>Language and Culture<\/h4>\n<p>Swedish is the dominant language in Ecker\u00f6, which reflects the cultural and historical connection to Sweden. Throughout the ages, Ecker\u00f6 has been a melting pot of traditions, where the sea has played a central role in the lives of the inhabitants. This is reflected in the municipality&#8217;s coat of arms, which proudly shows a ship.<\/p>\n<h4>History<\/h4>\n<p>Ecker\u00f6&#8217;s strategic position made it an important point for the postal service between \u00c5land and Grisslehamn in Sweden during the 17th century. This history lives on in the form of the Post and Customs House, a building that today stands as a memorial to the region&#8217;s rich history. Adjacent to this is a monument dedicated to the many sailors who risked their lives to transport mail across the often dangerous waters of the Baltic Sea.<\/p>\n<h4>Tourism and Attractions<\/h4>\n<p>Ecker\u00f6 attracts visitors with its scenic landscapes and historical sites. The popular bay of K\u00e4ringsund, known for its picturesque boathouses, offers a relaxing spot for locals and tourists alike. Here, visitors can also explore the Hunting and Fishing Museum, which provides insight into \u00c5land&#8217;s hunting and fishing traditions.<\/p>\n<p>The impressive Ecker\u00f6 Church, which is built from the characteristic red rapakivi granite, is also a must for those visiting the region.<\/p>\n<h4>Welcome to Ecker\u00f6<\/h4>\n<p>Ecker\u00f6 municipality is more than just part of the \u00c5land archipelago. It is a place where history, culture and natural beauty blend to create a unique experience for all who visit. From its historic buildings to its modern attractions, Ecker\u00f6 offers something for every visitor.<\/p>\n<p>[\/et_pb_text][\/et_pb_column][et_pb_column type=&#8221;1_4&#8243; _builder_version=&#8221;4.21.2&#8243; _module_preset=&#8221;default&#8221; global_colors_info=&#8221;{}&#8221;][et_pb_text _builder_version=&#8221;4.22.0&#8243; _module_preset=&#8221;default&#8221; custom_margin=&#8221;|5px||5px|false|false&#8221; custom_padding=&#8221;10px|15px||15px|false|false&#8221; border_radii=&#8221;off||25px||25px&#8221; border_width_all=&#8221;1px&#8221; border_color_all=&#8221;#c0c0c0&#8243; global_colors_info=&#8221;{}&#8221;]<\/p>\n<div style=\"display: flex; justify-content: center;\"><a href=\"https:\/\/www.eckero.ax\" target=\"_blank\" rel=\"noopener\" title=\"Ecker\u00f6 Municipality\"><img decoding=\"async\" class=\"wp-image-94215 size-small\" style=\"width: 90% !Important;\" src=\"https:\/\/aland.se\/wp-content\/uploads\/2023\/08\/eckero_kommunskold.svg\" alt=\"Ecker\u00f6\"><\/a><\/div>\n<p style=\"text-align: center;\">Ecker\u00f6 Municipal coat of arms<\/p>\n<p>[\/et_pb_text][et_pb_text _builder_version=&#8221;4.22.0&#8243; _module_preset=&#8221;default&#8221; link_text_color=&#8221;gcid-6570de30-9471-4020-9d8d-234baecf1e0f&#8221; custom_margin=&#8221;|5px||5px|false|false&#8221; custom_padding=&#8221;10px|15px||15px|false|false&#8221; border_radii=&#8221;off||25px||25px&#8221; border_width_all=&#8221;1px&#8221; border_color_all=&#8221;#cccccc&#8221; global_colors_info=&#8221;{%22gcid-6570de30-9471-4020-9d8d-234baecf1e0f%22:%91%22link_text_color%22%93}&#8221;]<\/p>\n<h3 style=\"text-align: center;\">Useful links<\/h3>\n<ul>\n<li>\n<div><a href=\"https:\/\/www.eckero.ax\" target=\"_blank\" rel=\"noopener noreferrer\" title=\"Ecker\u00f6 Municipality\">Ecker\u00f6 Municipality<\/a><\/div>\n<\/li>\n<li>\n<div><a href=\"https:\/\/www.jaktfiskemuseum.ax\/\" target=\"_blank\" rel=\"noopener noreferrer\" title=\"Hunting and Fishing Museum\">Hunting and Fishing Museum<\/a><\/div>\n<\/li>\n<li>\n<div><a href=\"https:\/\/www.aland.se\/besok\/sevardheter\/postvagen-over-aland\/\" rel=\"noopener noreferrer\" title=\"The postal route\">The postal route<\/a><\/div>\n<\/li>\n<li>\n<div><a href=\"https:\/\/aland.se\/the-municipalities-on-aland\/?lang=en\" rel=\"noopener noreferrer\" title=\"The municipalities on \u00c5land\">The municipalities on \u00c5land<\/a><\/div>\n<\/li>\n<\/ul>\n<p>[\/et_pb_text][et_pb_signup mailchimp_list=&#8221;\u00c5landsbutiken &#8211; Prenumeranter &#038; Kunder|636039edbc&#8221; last_name_field=&#8221;off&#8221; title=&#8221;Subscribe to our newsletter&#8221; use_spam_service=&#8221;on&#8221; recaptcha_list=&#8221;\u00c5land Online wwwalandse|\u00c5land Online wwwalandse-0&#8243; _builder_version=&#8221;4.22.0&#8243; _module_preset=&#8221;default&#8221; header_text_align=&#8221;center&#8221; header_font_size=&#8221;20px&#8221; background_color=&#8221;#eeeeee&#8221; use_background_color_gradient=&#8221;on&#8221; background_color_gradient_direction=&#8221;45deg&#8221; background_color_gradient_stops=&#8221;#dddddd 0%|#eeeeee 100%&#8221; custom_button=&#8221;on&#8221; button_text_color=&#8221;#8F8F8F&#8221; button_border_color=&#8221;#8F8F8F&#8221; text_orientation=&#8221;center&#8221; background_layout=&#8221;light&#8221; border_radii=&#8221;off||25px||25px&#8221; border_width_all=&#8221;1px&#8221; border_color_all=&#8221;#ff4d55&#8243; border_style_all=&#8221;groove&#8221; box_shadow_style=&#8221;preset1&#8243; global_colors_info=&#8221;{}&#8221;][\/et_pb_signup][et_pb_code _builder_version=&#8221;4.22.1&#8243; _module_preset=&#8221;default&#8221; custom_margin=&#8221;|5px||5px|false|false&#8221; custom_padding=&#8221;10px|15px||15px|false|false&#8221; border_radii=&#8221;off||25px||25px&#8221; border_width_all=&#8221;1px&#8221; border_color_all=&#8221;gcid-a94d7059-88df-4ff6-9567-b66dfa379983&#8243; locked=&#8221;off&#8221; global_colors_info=&#8221;{%22gcid-a94d7059-88df-4ff6-9567-b66dfa379983%22:%91%22border_color_all%22%93}&#8221;]<\/p>\n<style><!-- [et_pb_line_break_holder] -->#field_improve_text, #field_improve_email {<!-- [et_pb_line_break_holder] -->    border:1px solid #ccc !important;<!-- [et_pb_line_break_holder] -->    border-top-right-radius: 5px !important;<!-- [et_pb_line_break_holder] -->    border-bottom-left-radius: 5px !important;<!-- [et_pb_line_break_holder] -->}<!-- [et_pb_line_break_holder] --><\/style>\n<p><!-- [et_pb_line_break_holder] --><link rel='stylesheet' id='formidable-css' href='https:\/\/aland.se\/wp-content\/plugins\/formidable\/css\/formidableforms.css' type='text\/css' media='all' \/>\n<div class=\"frm_forms  with_frm_style frm_center_submit frm_style_formidables-stilmall\" id=\"frm_form_12_container\" data-token=\"89e3c65e8edd16299d5e152d8267b392\">\n<form enctype=\"multipart\/form-data\" method=\"post\" class=\"frm-show-form  frm_ajax_submit  frm_pro_form \" id=\"form_form_improve\" data-token=\"89e3c65e8edd16299d5e152d8267b392\">\n<div class=\"frm_form_fields \">\n<fieldset>\n<legend class=\"frm_hidden\">Hj\u00e4lp oss!<\/legend>\r\n<h3 class=\"frm_form_title\">Hj\u00e4lp oss!<\/h3>\r\n<div class=\"frm_description\"><p>Vi str\u00e4var hela tiden efter f\u00f6rb\u00e4ttra oss! Har du f\u00f6rslag p\u00e5 hur vi kan f\u00f6rb\u00e4ttra texten?<\/p>\n<\/div><div class=\"frm_fields_container\">\n<input type=\"hidden\" name=\"frm_action\" value=\"create\" \/>\n<input type=\"hidden\" name=\"form_id\" value=\"12\" \/>\n<input type=\"hidden\" name=\"frm_hide_fields_12\" id=\"frm_hide_fields_12\" value=\"\" \/>\n<input type=\"hidden\" name=\"form_key\" value=\"form_improve\" \/>\n<input type=\"hidden\" name=\"item_meta[0]\" value=\"\" \/>\n<input type=\"hidden\" id=\"frm_submit_entry_12\" name=\"frm_submit_entry_12\" value=\"d2d474e672\" \/><input type=\"hidden\" name=\"_wp_http_referer\" value=\"\/en\/wp-json\/wp\/v2\/pages\/94238\" \/><input type=\"hidden\" name=\"item_meta[119]\" id=\"field_improve_id\" value=\"94238\"  data-frmval=\"94238\"   \/>\n<input type=\"hidden\" name=\"item_meta[124]\" id=\"field_improve_type\" value=\"Ecker\u00f6\"  data-frmval=\"Ecker\u00f6\"   \/>\n<div id=\"frm_field_120_container\" class=\"frm_form_field form-field  frm_required_field frm_top_container\">\r\n    <label for=\"field_improve_text\" class=\"frm_primary_label\">Mitt f\u00f6rslag:\r\n        <span class=\"frm_required\">*<\/span>\r\n    <\/label>\r\n    <textarea data-auto-grow=\"1\"  name=\"item_meta[120]\" id=\"field_improve_text\" rows=\"4\"  placeholder=\"Skriv h\u00e4r...\" data-reqmsg=\"Du gl\u00f6mde skriva dina synpunkter!\" aria-required=\"true\" data-invmsg=\"Du har gl\u00f6mt ange dina synpunkter\" aria-invalid=\"false\"  ><\/textarea>\r\n    \r\n    \r\n<\/div>\n<div id=\"frm_field_121_container\" class=\"frm_form_field form-field  frm_top_container\">\r\n    <label for=\"field_improve_email\" class=\"frm_primary_label\">F\u00e5r vi kontakta dig?\r\n        <span class=\"frm_required\"><\/span>\r\n    <\/label>\r\n    <input type=\"email\" id=\"field_improve_email\" name=\"item_meta[121]\" value=\"\"  placeholder=\"Din e-postadress\" data-invmsg=\"Hur kan vi n\u00e5 dig... om vi har n\u00e5gra fr\u00e5gor? \u00e4r ogiltigt\" aria-invalid=\"false\"   aria-describedby=\"frm_desc_field_improve_email\"\/>\r\n    <div id=\"frm_desc_field_improve_email\" class=\"frm_description\">L\u00e4mna tomt om du inte vill bli kontaktad.<\/div>\r\n    \r\n<\/div>\n<input type=\"hidden\" name=\"item_meta[122]\" id=\"field_3szfm2\" value=\"\" data-frmval=\"\"\/>\n<div id=\"frm_field_125_container\" class=\"frm_form_field form-field  frm_none_container\">\r\n    <label for=\"g-recaptcha-response\" id=\"field_improve_captha_label\" class=\"frm_primary_label\">\u00c4r du m\u00e4nniska?\r\n        <span class=\"frm_required\" aria-hidden=\"true\"><\/span>\r\n    <\/label>\r\n    <div  id=\"field_improve_captha\" class=\"g-recaptcha\" data-sitekey=\"6LcRtisUAAAAAG-I-36lX23qA-9pJ6jb3QKYocBI\" data-size=\"invisible\" data-theme=\"light\" data-callback=\"frmAfterRecaptcha\"><\/div>\r\n    \r\n    \r\n<\/div>\n\t<input type=\"hidden\" name=\"item_key\" value=\"\" \/>\n\t\t\t<div id=\"frm_field_128_container\">\n\t\t\t<label for=\"field_jm1r4\" >\n\t\t\t\tIf you are human, leave this field blank.\t\t\t<\/label>\n\t\t\t<input  id=\"field_jm1r4\" type=\"text\" class=\"frm_form_field form-field frm_verify\" name=\"item_meta[128]\" value=\"\"  \/>\n\t\t<\/div>\n\t\t<input name=\"frm_state\" type=\"hidden\" value=\"zFC7y4Xcd2jWM5Uf3AxS0n4EXvQVdFRwuUmzNVdh8B8el2F2OlY\/tDVtN6ivjdAv\" \/><div class=\"frm_submit\">\r\n\r\n<button class=\"frm_button_submit frm_final_submit\" type=\"submit\"   formnovalidate=\"formnovalidate\">Skicka<\/button>\r\n\r\n<\/div><\/div>\n<\/fieldset>\n<\/div>\n\n<\/form>\n<\/div>\n[\/et_pb_code][\/et_pb_column][et_pb_column type=&#8221;1_4&#8243; _builder_version=&#8221;4.21.2&#8243; _module_preset=&#8221;default&#8221; global_colors_info=&#8221;{}&#8221;][et_pb_search placeholder=&#8221;Search&#8230;&#8221; _builder_version=&#8221;4.22.0&#8243; _module_preset=&#8221;default&#8221; global_colors_info=&#8221;{}&#8221;][\/et_pb_search][et_pb_blog fullwidth=&#8221;off&#8221; posts_number=&#8221;3&#8243; include_categories=&#8221;14&#8243; meta_date=&#8221;Y M&#8221; show_more=&#8221;on&#8221; show_author=&#8221;off&#8221; show_date=&#8221;off&#8221; show_categories=&#8221;off&#8221; show_pagination=&#8221;off&#8221; _builder_version=&#8221;4.22.0&#8243; _module_preset=&#8221;default&#8221; header_text_align=&#8221;center&#8221; header_text_color=&#8221;gcid-6570de30-9471-4020-9d8d-234baecf1e0f&#8221; header_font_size=&#8221;17px&#8221; read_more_font=&#8221;|||||on|||&#8221; read_more_text_color=&#8221;gcid-6570de30-9471-4020-9d8d-234baecf1e0f&#8221; text_orientation=&#8221;left&#8221; custom_margin=&#8221;||||false|false&#8221; custom_padding=&#8221;||||false|false&#8221; border_radii=&#8221;off||25px||25px&#8221; border_color_all=&#8221;#cccccc&#8221; border_radii_image=&#8221;off||25px||&#8221; global_colors_info=&#8221;{%22gcid-6570de30-9471-4020-9d8d-234baecf1e0f%22:%91%22header_text_color%22,%22read_more_text_color%22%93}&#8221;][\/et_pb_blog][\/et_pb_column][\/et_pb_row][\/et_pb_section]<\/p>\n","protected":false},"excerpt":{"rendered":"<p>Located in the western part of the fascinating \u00c5land archipelago, you will find the municipality of Ecker\u00f6.<\/p>\n","protected":false},"author":1,"featured_media":94216,"parent":93896,"menu_order":0,"comment_status":"closed","ping_status":"closed","template":"divi-page.php","meta":{"_acf_changed":false,"_et_pb_use_builder":"on","_et_pb_old_content":"","_et_gb_content_width":"","footnotes":""},"class_list":["post-94238","page","type-page","status-publish","has-post-thumbnail","hentry"],"acf":[],"jetpack_shortlink":"https:\/\/wp.me\/P8HDAV-ovY","jetpack_sharing_enabled":true,"_links":{"self":[{"href":"https:\/\/aland.se\/en\/wp-json\/wp\/v2\/pages\/94238","targetHints":{"allow":["GET"]}}],"collection":[{"href":"https:\/\/aland.se\/en\/wp-json\/wp\/v2\/pages"}],"about":[{"href":"https:\/\/aland.se\/en\/wp-json\/wp\/v2\/types\/page"}],"author":[{"embeddable":true,"href":"https:\/\/aland.se\/en\/wp-json\/wp\/v2\/users\/1"}],"replies":[{"embeddable":true,"href":"https:\/\/aland.se\/en\/wp-json\/wp\/v2\/comments?post=94238"}],"version-history":[{"count":13,"href":"https:\/\/aland.se\/en\/wp-json\/wp\/v2\/pages\/94238\/revisions"}],"predecessor-version":[{"id":94611,"href":"https:\/\/aland.se\/en\/wp-json\/wp\/v2\/pages\/94238\/revisions\/94611"}],"up":[{"embeddable":true,"href":"https:\/\/aland.se\/en\/wp-json\/wp\/v2\/pages\/93896"}],"wp:featuredmedia":[{"embeddable":true,"href":"https:\/\/aland.se\/en\/wp-json\/wp\/v2\/media\/94216"}],"wp:attachment":[{"href":"https:\/\/aland.se\/en\/wp-json\/wp\/v2\/media?parent=94238"}],"curies":[{"name":"wp","href":"https:\/\/api.w.org\/{rel}","templated":true}]}}