{"id":94505,"date":"2023-08-22T18:28:05","date_gmt":"2023-08-22T15:28:05","guid":{"rendered":"https:\/\/aland.se\/the-municipalities-on-aland\/vardo\/"},"modified":"2023-08-22T18:56:06","modified_gmt":"2023-08-22T15:56:06","slug":"vardo","status":"publish","type":"page","link":"https:\/\/aland.se\/en\/aland\/vardo\/","title":{"rendered":"V\u00e5rd\u00f6"},"content":{"rendered":"<p>[et_pb_section fb_built=&#8221;1&#8243; fullwidth=&#8221;on&#8221; _builder_version=&#8221;4.22.0&#8243; _module_preset=&#8221;default&#8221; background_enable_image=&#8221;off&#8221; background_enable_video_mp4=&#8221;off&#8221; height=&#8221;30vh&#8221; max_height=&#8221;30vh&#8221; custom_padding=&#8221;||0px|||&#8221; custom_css_main_element=&#8221;.et_pb_section_video_bg {||display: flex !important;||flex-direction: column;||justify-content: center;||}&#8221; global_colors_info=&#8221;{}&#8221;][et_pb_fullwidth_post_title meta=&#8221;off&#8221; featured_image=&#8221;off&#8221; text_color=&#8221;light&#8221; _builder_version=&#8221;4.22.1&#8243; _module_preset=&#8221;default&#8221; title_font_size=&#8221;64px&#8221; background_image=&#8221;https:\/\/aland.se\/wp-content\/uploads\/2023\/08\/alands_skolmuseum_2030x630.jpg&#8221; background_enable_video_mp4=&#8221;off&#8221; text_orientation=&#8221;center&#8221; height=&#8221;30vh&#8221; max_height=&#8221;30vh&#8221; custom_margin=&#8221;||1px|||&#8221; custom_padding=&#8221;151px|||||&#8221; title_font_size_tablet=&#8221;64px&#8221; title_font_size_phone=&#8221;50px&#8221; title_font_size_last_edited=&#8221;on|phone&#8221; title_text_shadow_style=&#8221;preset3&#8243; text_shadow_style=&#8221;preset3&#8243; text_shadow_horizontal_length=&#8221;0.1em&#8221; text_shadow_vertical_length=&#8221;0.1em&#8221; global_colors_info=&#8221;{}&#8221;][\/et_pb_fullwidth_post_title][\/et_pb_section][et_pb_section fb_built=&#8221;1&#8243; _builder_version=&#8221;4.21.2&#8243; _module_preset=&#8221;default&#8221; background_enable_video_mp4=&#8221;off&#8221; custom_padding=&#8221;3px|||||&#8221; global_colors_info=&#8221;{}&#8221;][et_pb_row column_structure=&#8221;1_2,1_4,1_4&#8243; _builder_version=&#8221;4.21.2&#8243; _module_preset=&#8221;default&#8221; background_enable_video_mp4=&#8221;off&#8221; global_colors_info=&#8221;{}&#8221;][et_pb_column type=&#8221;1_2&#8243; _builder_version=&#8221;4.21.2&#8243; _module_preset=&#8221;default&#8221; global_colors_info=&#8221;{}&#8221;][et_pb_text _builder_version=&#8221;4.22.1&#8243; _module_preset=&#8221;default&#8221; link_text_color=&#8221;#ff4d58&#8243; global_colors_info=&#8221;{}&#8221;]<\/p>\n<h3>V\u00e5rd\u00f6 &#8211; The Archipelago&#8217;s Secret Treasure<\/h3>\n<p><strong>Nestled in the breathtaking archipelago of \u00c5land is the municipality of V\u00e5rd\u00f6, an enchanting combination of natural beauty, cultural wealth and historical heritage. This gem within the archipelago offers a unique experience of archipelago life, a place where time seems to stand still and the beauty of nature takes over.<\/strong><\/p>\n<h4>Geography and Demography<\/h4>\n<p>Spread over about 150 square kilometers, V\u00e5rd\u00f6 presents a captivating mix of water and countless small islands, which together weave a mosaic of natural beauty. With a population of around 430 people, V\u00e5rd\u00f6&#8217;s heart, Vargata and Str\u00f6msby, is characterized by a sense of community, tranquility and tradition. Every corner of the municipality tells its own story, which contributes to its rich cultural heritage.<\/p>\n<h4>Language and Culture<\/h4>\n<p>On V\u00e5rd\u00f6, Swedish is spoken, which highlights the region&#8217;s strong cultural roots. The sea, with its constant presence and influence, has shaped the island&#8217;s culture in everything from traditional fishing methods, folklore, to songs and stories. V\u00e5rd\u00f6&#8217;s proud coat of arms, In a blue field a silver care case with a red and golden flame, is a constant reminder of this deep connection to the sea.<\/p>\n<h4>History<\/h4>\n<p>Through the ages, V\u00e5rd\u00f6, thanks to its strategic position, has been a crossroads for trade, communication and cultural exchanges. Older buildings, many of which have withstood the test of time, as well as stories from local residents create vivid images of a time when shipping was not only the heart of V\u00e5rd\u00f6, but its lifeblood.<\/p>\n<h4>Tourism and Attractions<\/h4>\n<p>V\u00e5rd\u00f6&#8217;s untouched beauty attracts those looking for an escape from the noise of everyday life. The shimmering beaches, rugged cliffs and silent forests offer a healing retreat. Sandsund, known for its magical sunsets, is a gathering place for photographers and nature lovers. V\u00e5rd\u00f6 Church, with its ancient walls, provides an insight into the region&#8217;s spiritual heritage, while V\u00e5rd\u00f6 Maritime Museum proudly bears witness to the island&#8217;s maritime traditions and adventures.<\/p>\n<h4>Welcome to V\u00e5rd\u00f6<\/h4>\n<p>V\u00e5rd\u00f6 is more than just part of the \u00c5land archipelago. Here, tradition and modernity, history and future meet. With its rolling landscapes, rich traditions and warm-hearted inhabitants, V\u00e5rd\u00f6 is ready to offer an unforgettable experience. V\u00e5rd\u00f6 is not just a destination &#8211; it&#8217;s a discovery. Welcome to an archipelago idyll where every moment tells a story.<\/p>\n<p>[\/et_pb_text][\/et_pb_column][et_pb_column type=&#8221;1_4&#8243; _builder_version=&#8221;4.21.2&#8243; _module_preset=&#8221;default&#8221; global_colors_info=&#8221;{}&#8221;][et_pb_text _builder_version=&#8221;4.22.1&#8243; _module_preset=&#8221;default&#8221; custom_margin=&#8221;|5px||5px|false|false&#8221; custom_padding=&#8221;10px|15px||15px|false|false&#8221; border_radii=&#8221;off||25px||25px&#8221; border_width_all=&#8221;1px&#8221; border_color_all=&#8221;#c0c0c0&#8243; global_colors_info=&#8221;{}&#8221;]<\/p>\n<div style=\"display: flex; justify-content: center;\"><a title=\"V\u00e5rd\u00f6 Municipality\" href=\"https:\/\/www.vardo.ax\" target=\"_blank\" rel=\"noopener\"><img decoding=\"async\" class=\"wp-image-94489 size-small\" src=\"https:\/\/aland.se\/wp-content\/uploads\/2023\/08\/vardo_kommunvapen.svg\" alt=\"V\u00e5rd\u00f6 Municipal coat of arms\" style=\"width: 90% !Important;\"><\/a><\/div>\n<p style=\"text-align: center;\">V\u00e5rd\u00f6 Municipal coat of arms<\/p>\n<p>[\/et_pb_text][et_pb_text _builder_version=&#8221;4.22.1&#8243; _module_preset=&#8221;default&#8221; link_text_color=&#8221;gcid-6570de30-9471-4020-9d8d-234baecf1e0f&#8221; custom_margin=&#8221;|5px||5px|false|false&#8221; custom_padding=&#8221;10px|15px||15px|false|false&#8221; border_radii=&#8221;off||25px||25px&#8221; border_width_all=&#8221;1px&#8221; border_color_all=&#8221;#cccccc&#8221; global_colors_info=&#8221;{%22gcid-6570de30-9471-4020-9d8d-234baecf1e0f%22:%91%22link_text_color%22%93}&#8221;]<\/p>\n<h3 style=\"text-align: center;\">Useful links<\/h3>\n<ul>\n<li>\n<div><a title=\"V\u00e5rd\u00f6 Municipality\" href=\"https:\/\/www.vardo.ax\" target=\"_blank\" rel=\"noopener noreferrer\">V\u00e5rd\u00f6 Municipality<\/a><\/div>\n<\/li>\n<li>\n<div><a title=\"The postal route\" href=\"https:\/\/www.aland.se\/besok\/sevardheter\/postvagen-over-aland\/\" rel=\"noopener noreferrer\">The postal route<\/a><\/div>\n<\/li>\n<li>\n<div><a title=\"The municipalities on \u00c5land\" href=\"https:\/\/aland.se\/the-municipalities-on-aland\/?lang=en\" rel=\"noopener noreferrer\">The municipalities on \u00c5land<\/a><\/div>\n<\/li>\n<\/ul>\n<p>[\/et_pb_text][et_pb_signup mailchimp_list=&#8221;\u00c5landsbutiken &#8211; Prenumeranter &#038; Kunder|636039edbc&#8221; last_name_field=&#8221;off&#8221; title=&#8221;Subscribe to our newsletter&#8221; use_spam_service=&#8221;on&#8221; recaptcha_list=&#8221;\u00c5land Online wwwalandse|\u00c5land Online wwwalandse-0&#8243; _builder_version=&#8221;4.22.0&#8243; _module_preset=&#8221;default&#8221; header_text_align=&#8221;center&#8221; header_font_size=&#8221;20px&#8221; background_color=&#8221;#eeeeee&#8221; use_background_color_gradient=&#8221;on&#8221; background_color_gradient_direction=&#8221;45deg&#8221; background_color_gradient_stops=&#8221;#dddddd 0%|#eeeeee 100%&#8221; custom_button=&#8221;on&#8221; button_text_color=&#8221;#8F8F8F&#8221; button_border_color=&#8221;#8F8F8F&#8221; text_orientation=&#8221;center&#8221; background_layout=&#8221;light&#8221; border_radii=&#8221;off||25px||25px&#8221; border_width_all=&#8221;1px&#8221; border_color_all=&#8221;#ff4d55&#8243; border_style_all=&#8221;groove&#8221; box_shadow_style=&#8221;preset1&#8243; global_colors_info=&#8221;{}&#8221;][\/et_pb_signup][et_pb_code _builder_version=&#8221;4.22.1&#8243; _module_preset=&#8221;default&#8221; custom_margin=&#8221;|5px||5px|false|false&#8221; custom_padding=&#8221;10px|15px||15px|false|false&#8221; border_radii=&#8221;off||25px||25px&#8221; border_width_all=&#8221;1px&#8221; border_color_all=&#8221;gcid-a94d7059-88df-4ff6-9567-b66dfa379983&#8243; locked=&#8221;off&#8221; global_colors_info=&#8221;{%22gcid-a94d7059-88df-4ff6-9567-b66dfa379983%22:%91%22border_color_all%22%93}&#8221;]<\/p>\n<style><!-- [et_pb_line_break_holder] -->#field_improve_text, #field_improve_email {<!-- [et_pb_line_break_holder] -->    border:1px solid #ccc !important;<!-- [et_pb_line_break_holder] -->    border-top-right-radius: 5px !important;<!-- [et_pb_line_break_holder] -->    border-bottom-left-radius: 5px !important;<!-- [et_pb_line_break_holder] -->}<!-- [et_pb_line_break_holder] --><\/style>\n<p><!-- [et_pb_line_break_holder] --><link rel='stylesheet' id='formidable-css' href='https:\/\/aland.se\/wp-content\/plugins\/formidable\/css\/formidableforms.css' type='text\/css' media='all' \/>\n<div class=\"frm_forms  with_frm_style frm_center_submit frm_style_formidables-stilmall\" id=\"frm_form_12_container\" data-token=\"e0c0db14c1252e4f0aa5caa225a5b64a\">\n<form enctype=\"multipart\/form-data\" method=\"post\" class=\"frm-show-form  frm_ajax_submit  frm_pro_form \" id=\"form_form_improve\" data-token=\"e0c0db14c1252e4f0aa5caa225a5b64a\">\n<div class=\"frm_form_fields \">\n<fieldset>\n<legend class=\"frm_hidden\">Hj\u00e4lp oss!<\/legend>\r\n<h3 class=\"frm_form_title\">Hj\u00e4lp oss!<\/h3>\r\n<div class=\"frm_description\"><p>Vi str\u00e4var hela tiden efter f\u00f6rb\u00e4ttra oss! Har du f\u00f6rslag p\u00e5 hur vi kan f\u00f6rb\u00e4ttra texten?<\/p>\n<\/div><div class=\"frm_fields_container\">\n<input type=\"hidden\" name=\"frm_action\" value=\"create\" \/>\n<input type=\"hidden\" name=\"form_id\" value=\"12\" \/>\n<input type=\"hidden\" name=\"frm_hide_fields_12\" id=\"frm_hide_fields_12\" value=\"\" \/>\n<input type=\"hidden\" name=\"form_key\" value=\"form_improve\" \/>\n<input type=\"hidden\" name=\"item_meta[0]\" value=\"\" \/>\n<input type=\"hidden\" id=\"frm_submit_entry_12\" name=\"frm_submit_entry_12\" value=\"44cfc9c850\" \/><input type=\"hidden\" name=\"_wp_http_referer\" value=\"\/en\/wp-json\/wp\/v2\/pages\/94505\" \/><input type=\"hidden\" name=\"item_meta[119]\" id=\"field_improve_id\" value=\"94505\"  data-frmval=\"94505\"   \/>\n<input type=\"hidden\" name=\"item_meta[124]\" id=\"field_improve_type\" value=\"V\u00e5rd\u00f6\"  data-frmval=\"V\u00e5rd\u00f6\"   \/>\n<div id=\"frm_field_120_container\" class=\"frm_form_field form-field  frm_required_field frm_top_container\">\r\n    <label for=\"field_improve_text\" class=\"frm_primary_label\">Mitt f\u00f6rslag:\r\n        <span class=\"frm_required\">*<\/span>\r\n    <\/label>\r\n    <textarea data-auto-grow=\"1\"  name=\"item_meta[120]\" id=\"field_improve_text\" rows=\"4\"  placeholder=\"Skriv h\u00e4r...\" data-reqmsg=\"Du gl\u00f6mde skriva dina synpunkter!\" aria-required=\"true\" data-invmsg=\"Du har gl\u00f6mt ange dina synpunkter\" aria-invalid=\"false\"  ><\/textarea>\r\n    \r\n    \r\n<\/div>\n<div id=\"frm_field_121_container\" class=\"frm_form_field form-field  frm_top_container\">\r\n    <label for=\"field_improve_email\" class=\"frm_primary_label\">F\u00e5r vi kontakta dig?\r\n        <span class=\"frm_required\"><\/span>\r\n    <\/label>\r\n    <input type=\"email\" id=\"field_improve_email\" name=\"item_meta[121]\" value=\"\"  placeholder=\"Din e-postadress\" data-invmsg=\"Hur kan vi n\u00e5 dig... om vi har n\u00e5gra fr\u00e5gor? \u00e4r ogiltigt\" aria-invalid=\"false\"   aria-describedby=\"frm_desc_field_improve_email\"\/>\r\n    <div id=\"frm_desc_field_improve_email\" class=\"frm_description\">L\u00e4mna tomt om du inte vill bli kontaktad.<\/div>\r\n    \r\n<\/div>\n<input type=\"hidden\" name=\"item_meta[122]\" id=\"field_3szfm2\" value=\"\" data-frmval=\"\"\/>\n<div id=\"frm_field_125_container\" class=\"frm_form_field form-field  frm_none_container\">\r\n    <label for=\"g-recaptcha-response\" id=\"field_improve_captha_label\" class=\"frm_primary_label\">\u00c4r du m\u00e4nniska?\r\n        <span class=\"frm_required\" aria-hidden=\"true\"><\/span>\r\n    <\/label>\r\n    <div  id=\"field_improve_captha\" class=\"g-recaptcha\" data-sitekey=\"6LcRtisUAAAAAG-I-36lX23qA-9pJ6jb3QKYocBI\" data-size=\"invisible\" data-theme=\"light\" data-callback=\"frmAfterRecaptcha\"><\/div>\r\n    \r\n    \r\n<\/div>\n\t<input type=\"hidden\" name=\"item_key\" value=\"\" \/>\n\t\t\t<div id=\"frm_field_128_container\">\n\t\t\t<label for=\"field_v2mc3\" >\n\t\t\t\tIf you are human, leave this field blank.\t\t\t<\/label>\n\t\t\t<input  id=\"field_v2mc3\" type=\"text\" class=\"frm_form_field form-field frm_verify\" name=\"item_meta[128]\" value=\"\"  \/>\n\t\t<\/div>\n\t\t<input name=\"frm_state\" type=\"hidden\" value=\"zFC7y4Xcd2jWM5Uf3AxS0ovIDCeECgO\/MbzRSHx83MUel2F2OlY\/tDVtN6ivjdAv\" \/><div class=\"frm_submit\">\r\n\r\n<button class=\"frm_button_submit frm_final_submit\" type=\"submit\"   formnovalidate=\"formnovalidate\">Skicka<\/button>\r\n\r\n<\/div><\/div>\n<\/fieldset>\n<\/div>\n\n<\/form>\n<\/div>\n[\/et_pb_code][\/et_pb_column][et_pb_column type=&#8221;1_4&#8243; _builder_version=&#8221;4.21.2&#8243; _module_preset=&#8221;default&#8221; global_colors_info=&#8221;{}&#8221;][et_pb_search placeholder=&#8221;Search&#8230;&#8221; _builder_version=&#8221;4.22.0&#8243; _module_preset=&#8221;default&#8221; global_colors_info=&#8221;{}&#8221;][\/et_pb_search][et_pb_blog fullwidth=&#8221;off&#8221; posts_number=&#8221;3&#8243; include_categories=&#8221;14&#8243; meta_date=&#8221;Y M&#8221; show_more=&#8221;on&#8221; show_author=&#8221;off&#8221; show_date=&#8221;off&#8221; show_categories=&#8221;off&#8221; show_pagination=&#8221;off&#8221; _builder_version=&#8221;4.22.0&#8243; _module_preset=&#8221;default&#8221; header_text_align=&#8221;center&#8221; header_text_color=&#8221;gcid-6570de30-9471-4020-9d8d-234baecf1e0f&#8221; header_font_size=&#8221;17px&#8221; read_more_font=&#8221;|||||on|||&#8221; read_more_text_color=&#8221;gcid-6570de30-9471-4020-9d8d-234baecf1e0f&#8221; text_orientation=&#8221;left&#8221; custom_margin=&#8221;||||false|false&#8221; custom_padding=&#8221;||||false|false&#8221; border_radii=&#8221;off||25px||25px&#8221; border_color_all=&#8221;#cccccc&#8221; border_radii_image=&#8221;off||25px||&#8221; global_colors_info=&#8221;{%22gcid-6570de30-9471-4020-9d8d-234baecf1e0f%22:%91%22header_text_color%22,%22read_more_text_color%22%93}&#8221;][\/et_pb_blog][\/et_pb_column][\/et_pb_row][\/et_pb_section]<\/p>\n","protected":false},"excerpt":{"rendered":"<p>Discover V\u00e5rd\u00f6 on \u00c5land: the archipelago&#8217;s secret treasure. A unique mix of nature, culture and history awaits in this idyllic destination.<\/p>\n","protected":false},"author":1,"featured_media":94490,"parent":93896,"menu_order":0,"comment_status":"closed","ping_status":"closed","template":"divi-page.php","meta":{"_acf_changed":false,"_et_pb_use_builder":"on","_et_pb_old_content":"","_et_gb_content_width":"","footnotes":""},"class_list":["post-94505","page","type-page","status-publish","has-post-thumbnail","hentry"],"acf":[],"jetpack_shortlink":"https:\/\/wp.me\/P8HDAV-oAh","jetpack_sharing_enabled":true,"_links":{"self":[{"href":"https:\/\/aland.se\/en\/wp-json\/wp\/v2\/pages\/94505","targetHints":{"allow":["GET"]}}],"collection":[{"href":"https:\/\/aland.se\/en\/wp-json\/wp\/v2\/pages"}],"about":[{"href":"https:\/\/aland.se\/en\/wp-json\/wp\/v2\/types\/page"}],"author":[{"embeddable":true,"href":"https:\/\/aland.se\/en\/wp-json\/wp\/v2\/users\/1"}],"replies":[{"embeddable":true,"href":"https:\/\/aland.se\/en\/wp-json\/wp\/v2\/comments?post=94505"}],"version-history":[{"count":4,"href":"https:\/\/aland.se\/en\/wp-json\/wp\/v2\/pages\/94505\/revisions"}],"predecessor-version":[{"id":94512,"href":"https:\/\/aland.se\/en\/wp-json\/wp\/v2\/pages\/94505\/revisions\/94512"}],"up":[{"embeddable":true,"href":"https:\/\/aland.se\/en\/wp-json\/wp\/v2\/pages\/93896"}],"wp:featuredmedia":[{"embeddable":true,"href":"https:\/\/aland.se\/en\/wp-json\/wp\/v2\/media\/94490"}],"wp:attachment":[{"href":"https:\/\/aland.se\/en\/wp-json\/wp\/v2\/media?parent=94505"}],"curies":[{"name":"wp","href":"https:\/\/api.w.org\/{rel}","templated":true}]}}