{"id":94539,"date":"2023-08-22T22:04:11","date_gmt":"2023-08-22T19:04:11","guid":{"rendered":"https:\/\/aland.se\/the-municipalities-on-aland\/sottunga\/"},"modified":"2023-08-22T22:04:13","modified_gmt":"2023-08-22T19:04:13","slug":"sottunga","status":"publish","type":"page","link":"https:\/\/aland.se\/en\/aland\/sottunga\/","title":{"rendered":"Sottunga"},"content":{"rendered":"<p>[et_pb_section fb_built=&#8221;1&#8243; fullwidth=&#8221;on&#8221; _builder_version=&#8221;4.22.0&#8243; _module_preset=&#8221;default&#8221; background_enable_image=&#8221;off&#8221; background_enable_video_mp4=&#8221;off&#8221; height=&#8221;30vh&#8221; max_height=&#8221;30vh&#8221; custom_padding=&#8221;||0px|||&#8221; custom_css_main_element=&#8221;.et_pb_section_video_bg {||display: flex !important;||flex-direction: column;||justify-content: center;||}&#8221; global_colors_info=&#8221;{}&#8221;][et_pb_fullwidth_post_title meta=&#8221;off&#8221; featured_image=&#8221;off&#8221; text_color=&#8221;light&#8221; _builder_version=&#8221;4.22.1&#8243; _module_preset=&#8221;default&#8221; title_font_size=&#8221;64px&#8221; background_image=&#8221;https:\/\/aland.se\/wp-content\/uploads\/2023\/08\/Sottunga_2030x630.jpg&#8221; background_enable_video_mp4=&#8221;off&#8221; text_orientation=&#8221;center&#8221; height=&#8221;30vh&#8221; max_height=&#8221;30vh&#8221; custom_margin=&#8221;||1px|||&#8221; custom_padding=&#8221;151px|||||&#8221; title_font_size_tablet=&#8221;64px&#8221; title_font_size_phone=&#8221;50px&#8221; title_font_size_last_edited=&#8221;on|phone&#8221; title_text_shadow_style=&#8221;preset3&#8243; text_shadow_style=&#8221;preset3&#8243; text_shadow_horizontal_length=&#8221;0.1em&#8221; text_shadow_vertical_length=&#8221;0.1em&#8221; global_colors_info=&#8221;{}&#8221;][\/et_pb_fullwidth_post_title][\/et_pb_section][et_pb_section fb_built=&#8221;1&#8243; _builder_version=&#8221;4.21.2&#8243; _module_preset=&#8221;default&#8221; background_enable_video_mp4=&#8221;off&#8221; custom_padding=&#8221;3px|||||&#8221; global_colors_info=&#8221;{}&#8221;][et_pb_row column_structure=&#8221;1_2,1_4,1_4&#8243; _builder_version=&#8221;4.21.2&#8243; _module_preset=&#8221;default&#8221; background_enable_video_mp4=&#8221;off&#8221; global_colors_info=&#8221;{}&#8221;][et_pb_column type=&#8221;1_2&#8243; _builder_version=&#8221;4.21.2&#8243; _module_preset=&#8221;default&#8221; global_colors_info=&#8221;{}&#8221;][et_pb_text _builder_version=&#8221;4.22.1&#8243; _module_preset=&#8221;default&#8221; link_text_color=&#8221;#ff4d58&#8243; global_colors_info=&#8221;{}&#8221;]<\/p>\n<h3>Sottunga \u2013 \u00c5land&#8217;s Undiscovered Jewel<\/h3>\n<p><strong>Nestled in the unique \u00c5land Archipelago lies Sottunga, an incredible fusion of wild nature, rich cultural heritage and a history that whispers through the tide. This jewel, immersed deep in the heart of the archipelago, appears as an oasis of calm and beauty, a place where every breath is filled with the magic of the archipelago.<\/strong><\/p>\n<h4>Geography and Demography<\/h4>\n<p>Sottunga, which covers only around 28 square kilometers, is the smallest municipality on \u00c5land and offers a breathtaking mix of archipelago scenery. With a population of approximately 100 inhabitants, Sottunga is characterized by its intimacy, community and a feeling of having found a hidden treasure. Every part of this small island carries timeless memories and traces of past generations.<\/p>\n<h4>Language and Culture<\/h4>\n<p>Swedish is spoken on Sottunga, and the cultural wealth stems from centuries of life in the archipelago. The sea, which has always been present, has shaped the islands&#8217; identity, traditions and legends. Songs, stories and traditions that reflect the relationship between man and sea are an integral part of Sottunga&#8217;s heritage.<\/p>\n<h4>History<\/h4>\n<p>Despite its modest size, Sottunga has a rich history. It has been a natural meeting point for seafarers and traders. Old buildings, churches and monuments bear witness to the everyday life and heroism of earlier times, while the local people&#8217;s stories fill in the images of a bygone era.<\/p>\n<h4>Tourism and Attractions<\/h4>\n<p>Sottunga&#8217;s undisturbed environment is an invitation to anyone who wants a break from busy life. Beautiful beaches, winding hiking trails and the quiet, gloomy forest provide a chance for reflection and relaxation. Sottunga Church, with its historic reputation, offers an insight into the region&#8217;s spiritual roots, while the marina illustrates the island as a melting pot of old traditions and contemporary life.<\/p>\n<h4>Welcome to Sottunga<\/h4>\n<p>Sottunga is part of \u00c5land&#8217;s rich archipelago scene, but with its unique charm and character. With its pristine landscapes, deep roots and friendly souls, Sottunga offers an experience as memorable as time itself. With its pristine landscapes, deep roots and friendly souls, Sottunga offers an experience as memorable as time itself.<br \/>Welcome to an island where every second has its own story.<\/p>\n<p>[\/et_pb_text][\/et_pb_column][et_pb_column type=&#8221;1_4&#8243; _builder_version=&#8221;4.21.2&#8243; _module_preset=&#8221;default&#8221; global_colors_info=&#8221;{}&#8221;][et_pb_text _builder_version=&#8221;4.22.1&#8243; _module_preset=&#8221;default&#8221; custom_margin=&#8221;|5px||5px|false|false&#8221; custom_padding=&#8221;10px|15px||15px|false|false&#8221; border_radii=&#8221;off||25px||25px&#8221; border_width_all=&#8221;1px&#8221; border_color_all=&#8221;#c0c0c0&#8243; global_colors_info=&#8221;{}&#8221;]<\/p>\n<p><a title=\"Sottunga Municipality\" href=\"https:\/\/www.sottunga.ax\" target=\"_blank\" rel=\"noopener\"><br \/>\n<span class=\"aligncenter\"><img decoding=\"async\" class=\"wp-image-94525 aligncenter size-small\" src=\"https:\/\/aland.se\/wp-content\/uploads\/2023\/08\/sottunga_kommunvapen.svg\" alt=\"Sottunga Municipal coat of arms\" style=\"width: 90% !Important;\"><\/a><\/span><\/p>\n<p style=\"text-align: center;\">Sottunga Municipal coat of arms<\/p>\n<p>[\/et_pb_text][et_pb_text _builder_version=&#8221;4.22.1&#8243; _module_preset=&#8221;default&#8221; link_text_color=&#8221;gcid-6570de30-9471-4020-9d8d-234baecf1e0f&#8221; custom_margin=&#8221;|5px||5px|false|false&#8221; custom_padding=&#8221;10px|15px||15px|false|false&#8221; border_radii=&#8221;off||25px||25px&#8221; border_width_all=&#8221;1px&#8221; border_color_all=&#8221;#cccccc&#8221; global_colors_info=&#8221;{%22gcid-6570de30-9471-4020-9d8d-234baecf1e0f%22:%91%22link_text_color%22%93}&#8221;]<\/p>\n<h3 style=\"text-align: center;\">Useful links<\/h3>\n<ul>\n<li>\n<div><a href=\"https:\/\/www.sottunga.ax\" target=\"_blank\" rel=\"noopener noreferrer\" title=\"Sottunga Municipality\">Sottunga Municipality<\/a><\/div>\n<\/li>\n<li>\n<div><a href=\"https:\/\/www.kyrkor.ax\/kyrkor\/sottunga-kapellkyrka\/\" target=\"_blank\" rel=\"noopener noreferrer\" title=\"Sottunga Church\">Sottunga Church<\/a><\/div>\n<\/li>\n<li>\n<div><a href=\"https:\/\/www.aland.se\/besok\/sevardheter\/postvagen-over-aland\/\" rel=\"noopener noreferrer\" title=\"The postal route\">The postal route<\/a><\/div>\n<\/li>\n<li>\n<div><a href=\"https:\/\/aland.se\/the-municipalities-on-aland\/?lang=en\" rel=\"noopener noreferrer\" title=\"The municipalities on \u00c5land\">The municipalities on \u00c5land<\/a><\/div>\n<\/li>\n<\/ul>\n<p>[\/et_pb_text][et_pb_signup mailchimp_list=&#8221;\u00c5landsbutiken &#8211; Prenumeranter &#038; Kunder|636039edbc&#8221; last_name_field=&#8221;off&#8221; title=&#8221;Subscribe to our newsletter&#8221; use_spam_service=&#8221;on&#8221; recaptcha_list=&#8221;\u00c5land Online wwwalandse|\u00c5land Online wwwalandse-0&#8243; _builder_version=&#8221;4.22.0&#8243; _module_preset=&#8221;default&#8221; header_text_align=&#8221;center&#8221; header_font_size=&#8221;20px&#8221; background_color=&#8221;#eeeeee&#8221; use_background_color_gradient=&#8221;on&#8221; background_color_gradient_direction=&#8221;45deg&#8221; background_color_gradient_stops=&#8221;#dddddd 0%|#eeeeee 100%&#8221; custom_button=&#8221;on&#8221; button_text_color=&#8221;#8F8F8F&#8221; button_border_color=&#8221;#8F8F8F&#8221; text_orientation=&#8221;center&#8221; background_layout=&#8221;light&#8221; border_radii=&#8221;off||25px||25px&#8221; border_width_all=&#8221;1px&#8221; border_color_all=&#8221;#ff4d55&#8243; border_style_all=&#8221;groove&#8221; box_shadow_style=&#8221;preset1&#8243; global_colors_info=&#8221;{}&#8221;][\/et_pb_signup][et_pb_code _builder_version=&#8221;4.22.1&#8243; _module_preset=&#8221;default&#8221; custom_margin=&#8221;|5px||5px|false|false&#8221; custom_padding=&#8221;10px|15px||15px|false|false&#8221; border_radii=&#8221;off||25px||25px&#8221; border_width_all=&#8221;1px&#8221; border_color_all=&#8221;gcid-a94d7059-88df-4ff6-9567-b66dfa379983&#8243; locked=&#8221;off&#8221; global_colors_info=&#8221;{%22gcid-a94d7059-88df-4ff6-9567-b66dfa379983%22:%91%22border_color_all%22%93}&#8221;]<\/p>\n<style><!-- [et_pb_line_break_holder] -->#field_improve_text, #field_improve_email {<!-- [et_pb_line_break_holder] -->    border:1px solid #ccc !important;<!-- [et_pb_line_break_holder] -->    border-top-right-radius: 5px !important;<!-- [et_pb_line_break_holder] -->    border-bottom-left-radius: 5px !important;<!-- [et_pb_line_break_holder] -->}<!-- [et_pb_line_break_holder] --><\/style>\n<p><!-- [et_pb_line_break_holder] --><link rel='stylesheet' id='formidable-css' href='https:\/\/aland.se\/wp-content\/plugins\/formidable\/css\/formidableforms.css' type='text\/css' media='all' \/>\n<div class=\"frm_forms  with_frm_style frm_center_submit frm_style_formidables-stilmall\" id=\"frm_form_12_container\" data-token=\"89e3c65e8edd16299d5e152d8267b392\">\n<form enctype=\"multipart\/form-data\" method=\"post\" class=\"frm-show-form  frm_ajax_submit  frm_pro_form \" id=\"form_form_improve\" data-token=\"89e3c65e8edd16299d5e152d8267b392\">\n<div class=\"frm_form_fields \">\n<fieldset>\n<legend class=\"frm_hidden\">Hj\u00e4lp oss!<\/legend>\r\n<h3 class=\"frm_form_title\">Hj\u00e4lp oss!<\/h3>\r\n<div class=\"frm_description\"><p>Vi str\u00e4var hela tiden efter f\u00f6rb\u00e4ttra oss! Har du f\u00f6rslag p\u00e5 hur vi kan f\u00f6rb\u00e4ttra texten?<\/p>\n<\/div><div class=\"frm_fields_container\">\n<input type=\"hidden\" name=\"frm_action\" value=\"create\" \/>\n<input type=\"hidden\" name=\"form_id\" value=\"12\" \/>\n<input type=\"hidden\" name=\"frm_hide_fields_12\" id=\"frm_hide_fields_12\" value=\"\" \/>\n<input type=\"hidden\" name=\"form_key\" value=\"form_improve\" \/>\n<input type=\"hidden\" name=\"item_meta[0]\" value=\"\" \/>\n<input type=\"hidden\" id=\"frm_submit_entry_12\" name=\"frm_submit_entry_12\" value=\"d2d474e672\" \/><input type=\"hidden\" name=\"_wp_http_referer\" value=\"\/en\/wp-json\/wp\/v2\/pages\/94539\" \/><input type=\"hidden\" name=\"item_meta[119]\" id=\"field_improve_id\" value=\"94539\"  data-frmval=\"94539\"   \/>\n<input type=\"hidden\" name=\"item_meta[124]\" id=\"field_improve_type\" value=\"Sottunga\"  data-frmval=\"Sottunga\"   \/>\n<div id=\"frm_field_120_container\" class=\"frm_form_field form-field  frm_required_field frm_top_container\">\r\n    <label for=\"field_improve_text\" class=\"frm_primary_label\">Mitt f\u00f6rslag:\r\n        <span class=\"frm_required\">*<\/span>\r\n    <\/label>\r\n    <textarea data-auto-grow=\"1\"  name=\"item_meta[120]\" id=\"field_improve_text\" rows=\"4\"  placeholder=\"Skriv h\u00e4r...\" data-reqmsg=\"Du gl\u00f6mde skriva dina synpunkter!\" aria-required=\"true\" data-invmsg=\"Du har gl\u00f6mt ange dina synpunkter\" aria-invalid=\"false\"  ><\/textarea>\r\n    \r\n    \r\n<\/div>\n<div id=\"frm_field_121_container\" class=\"frm_form_field form-field  frm_top_container\">\r\n    <label for=\"field_improve_email\" class=\"frm_primary_label\">F\u00e5r vi kontakta dig?\r\n        <span class=\"frm_required\"><\/span>\r\n    <\/label>\r\n    <input type=\"email\" id=\"field_improve_email\" name=\"item_meta[121]\" value=\"\"  placeholder=\"Din e-postadress\" data-invmsg=\"Hur kan vi n\u00e5 dig... om vi har n\u00e5gra fr\u00e5gor? \u00e4r ogiltigt\" aria-invalid=\"false\"   aria-describedby=\"frm_desc_field_improve_email\"\/>\r\n    <div id=\"frm_desc_field_improve_email\" class=\"frm_description\">L\u00e4mna tomt om du inte vill bli kontaktad.<\/div>\r\n    \r\n<\/div>\n<input type=\"hidden\" name=\"item_meta[122]\" id=\"field_3szfm2\" value=\"\" data-frmval=\"\"\/>\n<div id=\"frm_field_125_container\" class=\"frm_form_field form-field  frm_none_container\">\r\n    <label for=\"g-recaptcha-response\" id=\"field_improve_captha_label\" class=\"frm_primary_label\">\u00c4r du m\u00e4nniska?\r\n        <span class=\"frm_required\" aria-hidden=\"true\"><\/span>\r\n    <\/label>\r\n    <div  id=\"field_improve_captha\" class=\"g-recaptcha\" data-sitekey=\"6LcRtisUAAAAAG-I-36lX23qA-9pJ6jb3QKYocBI\" data-size=\"invisible\" data-theme=\"light\" data-callback=\"frmAfterRecaptcha\"><\/div>\r\n    \r\n    \r\n<\/div>\n\t<input type=\"hidden\" name=\"item_key\" value=\"\" \/>\n\t\t\t<div id=\"frm_field_128_container\">\n\t\t\t<label for=\"field_bm6ab\" >\n\t\t\t\tIf you are human, leave this field blank.\t\t\t<\/label>\n\t\t\t<input  id=\"field_bm6ab\" type=\"text\" class=\"frm_form_field form-field frm_verify\" name=\"item_meta[128]\" value=\"\"  \/>\n\t\t<\/div>\n\t\t<input name=\"frm_state\" type=\"hidden\" value=\"zFC7y4Xcd2jWM5Uf3AxS0lz4mtOukLBYGqWFUZJVReAel2F2OlY\/tDVtN6ivjdAv\" \/><div class=\"frm_submit\">\r\n\r\n<button class=\"frm_button_submit frm_final_submit\" type=\"submit\"   formnovalidate=\"formnovalidate\">Skicka<\/button>\r\n\r\n<\/div><\/div>\n<\/fieldset>\n<\/div>\n\n<\/form>\n<\/div>\n[\/et_pb_code][\/et_pb_column][et_pb_column type=&#8221;1_4&#8243; _builder_version=&#8221;4.21.2&#8243; _module_preset=&#8221;default&#8221; global_colors_info=&#8221;{}&#8221;][et_pb_search placeholder=&#8221;Search&#8230;&#8221; _builder_version=&#8221;4.22.0&#8243; _module_preset=&#8221;default&#8221; global_colors_info=&#8221;{}&#8221;][\/et_pb_search][et_pb_blog fullwidth=&#8221;off&#8221; posts_number=&#8221;3&#8243; include_categories=&#8221;14&#8243; meta_date=&#8221;Y M&#8221; show_more=&#8221;on&#8221; show_author=&#8221;off&#8221; show_date=&#8221;off&#8221; show_categories=&#8221;off&#8221; show_pagination=&#8221;off&#8221; _builder_version=&#8221;4.22.0&#8243; _module_preset=&#8221;default&#8221; header_text_align=&#8221;center&#8221; header_text_color=&#8221;gcid-6570de30-9471-4020-9d8d-234baecf1e0f&#8221; header_font_size=&#8221;17px&#8221; read_more_font=&#8221;|||||on|||&#8221; read_more_text_color=&#8221;gcid-6570de30-9471-4020-9d8d-234baecf1e0f&#8221; text_orientation=&#8221;left&#8221; custom_margin=&#8221;||||false|false&#8221; custom_padding=&#8221;||||false|false&#8221; border_radii=&#8221;off||25px||25px&#8221; border_color_all=&#8221;#cccccc&#8221; border_radii_image=&#8221;off||25px||&#8221; global_colors_info=&#8221;{%22gcid-6570de30-9471-4020-9d8d-234baecf1e0f%22:%91%22header_text_color%22,%22read_more_text_color%22%93}&#8221;][\/et_pb_blog][\/et_pb_column][\/et_pb_row][\/et_pb_section]<\/p>\n","protected":false},"excerpt":{"rendered":"<p>Explore Sottunga on \u00c5land: Archipelago jewel with rich cultural heritage and untouched landscapes. Discover the islands&#8217; unique charm and history.<\/p>\n","protected":false},"author":1,"featured_media":0,"parent":93896,"menu_order":0,"comment_status":"closed","ping_status":"closed","template":"divi-page.php","meta":{"_acf_changed":false,"_et_pb_use_builder":"on","_et_pb_old_content":"","_et_gb_content_width":"","footnotes":""},"class_list":["post-94539","page","type-page","status-publish","hentry"],"acf":[],"jetpack_shortlink":"https:\/\/wp.me\/P8HDAV-oAP","jetpack_sharing_enabled":true,"_links":{"self":[{"href":"https:\/\/aland.se\/en\/wp-json\/wp\/v2\/pages\/94539","targetHints":{"allow":["GET"]}}],"collection":[{"href":"https:\/\/aland.se\/en\/wp-json\/wp\/v2\/pages"}],"about":[{"href":"https:\/\/aland.se\/en\/wp-json\/wp\/v2\/types\/page"}],"author":[{"embeddable":true,"href":"https:\/\/aland.se\/en\/wp-json\/wp\/v2\/users\/1"}],"replies":[{"embeddable":true,"href":"https:\/\/aland.se\/en\/wp-json\/wp\/v2\/comments?post=94539"}],"version-history":[{"count":2,"href":"https:\/\/aland.se\/en\/wp-json\/wp\/v2\/pages\/94539\/revisions"}],"predecessor-version":[{"id":94541,"href":"https:\/\/aland.se\/en\/wp-json\/wp\/v2\/pages\/94539\/revisions\/94541"}],"up":[{"embeddable":true,"href":"https:\/\/aland.se\/en\/wp-json\/wp\/v2\/pages\/93896"}],"wp:attachment":[{"href":"https:\/\/aland.se\/en\/wp-json\/wp\/v2\/media?parent=94539"}],"curies":[{"name":"wp","href":"https:\/\/api.w.org\/{rel}","templated":true}]}}